{"id":105,"date":"2021-02-07T08:35:32","date_gmt":"2021-02-07T07:35:32","guid":{"rendered":"http:\/\/wp.ejdern.org\/?page_id=105"},"modified":"2026-04-19T16:06:31","modified_gmt":"2026-04-19T15:06:31","slug":"home","status":"publish","type":"page","link":"https:\/\/wp.ejdern.org\/en\/","title":{"rendered":"Home"},"content":{"rendered":"<div data-elementor-type=\"wp-page\" data-elementor-id=\"105\" class=\"elementor elementor-105\" data-elementor-post-type=\"page\">\n\t\t\t\t\t\t<section class=\"elementor-section elementor-top-section elementor-element elementor-element-9e7f257 elementor-section-boxed elementor-section-height-default elementor-section-height-default\" data-id=\"9e7f257\" data-element_type=\"section\" data-e-type=\"section\">\n\t\t\t\t\t\t<div class=\"elementor-container elementor-column-gap-default\">\n\t\t\t\t\t<div class=\"elementor-column elementor-col-100 elementor-top-column elementor-element elementor-element-fdb5e4c\" data-id=\"fdb5e4c\" data-element_type=\"column\" data-e-type=\"column\">\n\t\t\t<div class=\"elementor-widget-wrap elementor-element-populated\">\n\t\t\t\t\t\t<div class=\"elementor-element elementor-element-9388dc7 elementor-widget elementor-widget-heading\" data-id=\"9388dc7\" data-element_type=\"widget\" data-e-type=\"widget\" data-widget_type=\"heading.default\">\n\t\t\t\t<div class=\"elementor-widget-container\">\n\t\t\t\t\t<h2 class=\"elementor-heading-title elementor-size-default\">Welcome to the Eider<\/h2>\t\t\t\t<\/div>\n\t\t\t\t<\/div>\n\t\t\t\t<div class=\"elementor-element elementor-element-4c52dc5 elementor-arrows-position-inside elementor-pagination-position-outside elementor-widget elementor-widget-image-carousel\" data-id=\"4c52dc5\" data-element_type=\"widget\" data-e-type=\"widget\" data-settings=\"{&quot;_animation&quot;:&quot;none&quot;,&quot;navigation&quot;:&quot;both&quot;,&quot;autoplay&quot;:&quot;yes&quot;,&quot;pause_on_hover&quot;:&quot;yes&quot;,&quot;pause_on_interaction&quot;:&quot;yes&quot;,&quot;autoplay_speed&quot;:5000,&quot;infinite&quot;:&quot;yes&quot;,&quot;speed&quot;:500}\" data-widget_type=\"image-carousel.default\">\n\t\t\t\t<div class=\"elementor-widget-container\">\n\t\t\t\t\t\t\t<div class=\"elementor-image-carousel-wrapper swiper\" role=\"region\" aria-roledescription=\"carousel\" aria-label=\"Image carousel\" dir=\"ltr\">\n\t\t\t<div class=\"elementor-image-carousel swiper-wrapper\" aria-live=\"off\">\n\t\t\t\t\t\t\t\t<div class=\"swiper-slide\" role=\"group\" aria-roledescription=\"slide\" aria-label=\"1 of 4\"><figure class=\"swiper-slide-inner\"><img decoding=\"async\" class=\"swiper-slide-image\" src=\"https:\/\/wp.ejdern.org\/wp-content\/uploads\/2021\/02\/Lightroom-3339-scaled-e1612688112174.jpg\" alt=\"Lightroom-3339\" \/><\/figure><\/div><div class=\"swiper-slide\" role=\"group\" aria-roledescription=\"slide\" aria-label=\"2 of 4\"><figure class=\"swiper-slide-inner\"><img decoding=\"async\" class=\"swiper-slide-image\" src=\"https:\/\/wp.ejdern.org\/wp-content\/uploads\/2021\/05\/Slandon-2560x1440-1.jpg\" alt=\"Sland\u00f6n 2560x1440\" \/><\/figure><\/div><div class=\"swiper-slide\" role=\"group\" aria-roledescription=\"slide\" aria-label=\"3 of 4\"><figure class=\"swiper-slide-inner\"><img decoding=\"async\" class=\"swiper-slide-image\" src=\"https:\/\/wp.ejdern.org\/wp-content\/uploads\/2021\/04\/Birka2.jpg\" alt=\"Birka2\" \/><\/figure><\/div><div class=\"swiper-slide\" role=\"group\" aria-roledescription=\"slide\" aria-label=\"4 of 4\"><figure class=\"swiper-slide-inner\"><img decoding=\"async\" class=\"swiper-slide-image\" src=\"https:\/\/wp.ejdern.org\/wp-content\/uploads\/2021\/05\/2560x1440.jpg\" alt=\"2560x1440\" \/><\/figure><\/div>\t\t\t<\/div>\n\t\t\t\t\t\t\t\t\t\t\t\t<div class=\"elementor-swiper-button elementor-swiper-button-prev\" role=\"button\" tabindex=\"0\">\n\t\t\t\t\t\t<i aria-hidden=\"true\" class=\"eicon-chevron-left\"><\/i>\t\t\t\t\t<\/div>\n\t\t\t\t\t<div class=\"elementor-swiper-button elementor-swiper-button-next\" role=\"button\" tabindex=\"0\">\n\t\t\t\t\t\t<i aria-hidden=\"true\" class=\"eicon-chevron-right\"><\/i>\t\t\t\t\t<\/div>\n\t\t\t\t\n\t\t\t\t\t\t\t\t\t<div class=\"swiper-pagination\"><\/div>\n\t\t\t\t\t\t\t\t\t<\/div>\n\t\t\t\t\t\t<\/div>\n\t\t\t\t<\/div>\n\t\t\t\t\t<\/div>\n\t\t<\/div>\n\t\t\t\t\t<\/div>\n\t\t<\/section>\n\t\t\t\t<section class=\"elementor-section elementor-top-section elementor-element elementor-element-db1254e elementor-section-boxed elementor-section-height-default elementor-section-height-default\" data-id=\"db1254e\" data-element_type=\"section\" data-e-type=\"section\">\n\t\t\t\t\t\t<div class=\"elementor-container elementor-column-gap-default\">\n\t\t\t\t\t<div class=\"elementor-column elementor-col-100 elementor-top-column elementor-element elementor-element-8b8ce09\" data-id=\"8b8ce09\" data-element_type=\"column\" data-e-type=\"column\">\n\t\t\t<div class=\"elementor-widget-wrap elementor-element-populated\">\n\t\t\t\t\t\t<div class=\"elementor-element elementor-element-1eddba2 elementor-widget elementor-widget-text-editor\" data-id=\"1eddba2\" data-element_type=\"widget\" data-e-type=\"widget\" data-widget_type=\"text-editor.default\">\n\t\t\t\t<div class=\"elementor-widget-container\">\n\t\t\t\t\t\t\t\t\t<div><div style=\"overflow-wrap: break-word; white-space-collapse: preserve; margin-inline: 0px; margin-bottom: 0px; margin-top: 0px; font-family: system-ui, -apple-system, BlinkMacSystemFont, '.SFNSText-Regular', sans-serif; caret-color: #080809; color: #080809; font-size: 15px; text-decoration-thickness: auto; text-decoration-style: solid; text-align: center;\"><h3 dir=\"auto\" style=\"font-family: inherit;\"><strong>* * * s\/s Ejdern WON CRINGEL OF THE YEAR 2025 * * *<\/strong><br \/><br \/>What a pleasure to receive the award Kringelst\u00e4lle of the Year in S\u00f6dert\u00e4lje.<\/h3><div dir=\"auto\" style=\"font-family: inherit;\">Ulf Fransberg and Gert Ekstr\u00f6m were invited to the closing festivities of S\u00f6dert\u00e4lje's Business Week on 17 April and received the award as Kringelst\u00e4lle of the Year 2025 from the municipality's representatives.<br \/><br \/>A clear message from all S\u00f6dert\u00e4lje residents that Ejdern is and remains the finest thing the city has to offer.<br \/><br \/><img fetchpriority=\"high\" decoding=\"async\" class=\"alignnone size-medium wp-image-3662\" src=\"https:\/\/wp.ejdern.org\/wp-content\/uploads\/2026\/04\/IMG_0429-2-217x300.jpg\" alt=\"\" width=\"217\" height=\"300\" srcset=\"https:\/\/wp.ejdern.org\/wp-content\/uploads\/2026\/04\/IMG_0429-2-217x300.jpg 217w, https:\/\/wp.ejdern.org\/wp-content\/uploads\/2026\/04\/IMG_0429-2-741x1024.jpg 741w, https:\/\/wp.ejdern.org\/wp-content\/uploads\/2026\/04\/IMG_0429-2-768x1062.jpg 768w, https:\/\/wp.ejdern.org\/wp-content\/uploads\/2026\/04\/IMG_0429-2-1111x1536.jpg 1111w, https:\/\/wp.ejdern.org\/wp-content\/uploads\/2026\/04\/IMG_0429-2-1481x2048.jpg 1481w, https:\/\/wp.ejdern.org\/wp-content\/uploads\/2026\/04\/IMG_0429-2-9x12.jpg 9w, https:\/\/wp.ejdern.org\/wp-content\/uploads\/2026\/04\/IMG_0429-2-scaled.jpg 1851w\" sizes=\"(max-width: 217px) 100vw, 217px\" \/> <img decoding=\"async\" class=\"alignnone size-medium wp-image-3663\" src=\"https:\/\/wp.ejdern.org\/wp-content\/uploads\/2026\/04\/2133-2-229x300.jpg\" alt=\"\" width=\"229\" height=\"300\" srcset=\"https:\/\/wp.ejdern.org\/wp-content\/uploads\/2026\/04\/2133-2-229x300.jpg 229w, https:\/\/wp.ejdern.org\/wp-content\/uploads\/2026\/04\/2133-2-783x1024.jpg 783w, https:\/\/wp.ejdern.org\/wp-content\/uploads\/2026\/04\/2133-2-768x1005.jpg 768w, https:\/\/wp.ejdern.org\/wp-content\/uploads\/2026\/04\/2133-2-1174x1536.jpg 1174w, https:\/\/wp.ejdern.org\/wp-content\/uploads\/2026\/04\/2133-2-1565x2048.jpg 1565w, https:\/\/wp.ejdern.org\/wp-content\/uploads\/2026\/04\/2133-2-9x12.jpg 9w, https:\/\/wp.ejdern.org\/wp-content\/uploads\/2026\/04\/2133-2-scaled.jpg 1957w\" sizes=\"(max-width: 229px) 100vw, 229px\" \/><\/div><\/div><\/div><p style=\"text-align: center;\">\u00a0<\/p>\t\t\t\t\t\t\t\t<\/div>\n\t\t\t\t<\/div>\n\t\t\t\t\t<\/div>\n\t\t<\/div>\n\t\t\t\t\t<\/div>\n\t\t<\/section>\n\t\t\t\t<section class=\"elementor-section elementor-top-section elementor-element elementor-element-f795fe4 elementor-section-boxed elementor-section-height-default elementor-section-height-default\" data-id=\"f795fe4\" data-element_type=\"section\" data-e-type=\"section\">\n\t\t\t\t\t\t<div class=\"elementor-container elementor-column-gap-default\">\n\t\t\t\t\t<div class=\"elementor-column elementor-col-50 elementor-top-column elementor-element elementor-element-362b7e4\" data-id=\"362b7e4\" data-element_type=\"column\" data-e-type=\"column\">\n\t\t\t<div class=\"elementor-widget-wrap elementor-element-populated\">\n\t\t\t\t\t\t<div class=\"elementor-element elementor-element-06378bd elementor-widget elementor-widget-text-editor\" data-id=\"06378bd\" data-element_type=\"widget\" data-e-type=\"widget\" data-widget_type=\"text-editor.default\">\n\t\t\t\t<div class=\"elementor-widget-container\">\n\t\t\t\t\t\t\t\t\t<p>S \/ S Ejdern was built in 1880 at Gothenburg&#039;s mechanical workshop to go in coastal traffic in the Gothenburg archipelago and was launched on 14 May the same year. Between the years 1898 and 1906, Ejdern trafficked the waters around Lake Roxen to eventually end up in S\u00f6dert\u00e4lje.<\/p><p>And today she is the World&#039;s Oldest Propeller Powered Coal Fired Steamship with Original Machine still in operation .. <a href=\"https:\/\/wp.ejdern.org\/en\/om\/\">More about the ship and the association<\/a>.<\/p>\t\t\t\t\t\t\t\t<\/div>\n\t\t\t\t<\/div>\n\t\t\t\t<div class=\"elementor-element elementor-element-6680bd9 elementor-widget elementor-widget-heading\" data-id=\"6680bd9\" data-element_type=\"widget\" data-e-type=\"widget\" data-widget_type=\"heading.default\">\n\t\t\t\t<div class=\"elementor-widget-container\">\n\t\t\t\t\t<h2 class=\"elementor-heading-title elementor-size-default\">The museum association \u00c5ngfartyget Ejdern<\/h2>\t\t\t\t<\/div>\n\t\t\t\t<\/div>\n\t\t\t\t<div class=\"elementor-element elementor-element-0ad4c33 elementor-widget elementor-widget-text-editor\" data-id=\"0ad4c33\" data-element_type=\"widget\" data-e-type=\"widget\" data-widget_type=\"text-editor.default\">\n\t\t\t\t<div class=\"elementor-widget-container\">\n\t\t\t\t\t\t\t\t\t<p>The museum association \u00c5ngfartyget Ejdern shall work to ensure that S \/ S Ejdern - through voluntary efforts within the association - is preserved as a living communication historical monument in S\u00f6dert\u00e4lje. <a href=\"https:\/\/wp.ejdern.org\/en\/om\/\">More about the ship and the association<\/a>.<\/p>\t\t\t\t\t\t\t\t<\/div>\n\t\t\t\t<\/div>\n\t\t\t\t<div class=\"elementor-element elementor-element-98e608a elementor-widget elementor-widget-heading\" data-id=\"98e608a\" data-element_type=\"widget\" data-e-type=\"widget\" data-widget_type=\"heading.default\">\n\t\t\t\t<div class=\"elementor-widget-container\">\n\t\t\t\t\t<h2 class=\"elementor-heading-title elementor-size-default\">Sign up<\/h2>\t\t\t\t<\/div>\n\t\t\t\t<\/div>\n\t\t\t\t<div class=\"elementor-element elementor-element-4582bf8 elementor-widget elementor-widget-text-editor\" data-id=\"4582bf8\" data-element_type=\"widget\" data-e-type=\"widget\" data-widget_type=\"text-editor.default\">\n\t\t\t\t<div class=\"elementor-widget-container\">\n\t\t\t\t\t\t\t\t\t<p>You become a member by depositing the membership fee at Bankgiro 826-8302 or Swisha to 123 033 79 64.<br \/>Membership costs SEK 200 per year for one person or SEK 300 per year for a family (children under 18 living at home).<br \/>Enclose postal address and \/ or e-mail address.<br \/>As a member, you support the preservation of the Eider and receive four information sheets per year as well as the opportunity to go on the annual membership trip at a discounted price.<\/p>\t\t\t\t\t\t\t\t<\/div>\n\t\t\t\t<\/div>\n\t\t\t\t<div class=\"elementor-element elementor-element-512881f elementor-widget elementor-widget-heading\" data-id=\"512881f\" data-element_type=\"widget\" data-e-type=\"widget\" data-widget_type=\"heading.default\">\n\t\t\t\t<div class=\"elementor-widget-container\">\n\t\t\t\t\t<h2 class=\"elementor-heading-title elementor-size-default\">Work on board<\/h2>\t\t\t\t<\/div>\n\t\t\t\t<\/div>\n\t\t\t\t<div class=\"elementor-element elementor-element-a648c73 elementor-widget elementor-widget-text-editor\" data-id=\"a648c73\" data-element_type=\"widget\" data-e-type=\"widget\" data-widget_type=\"text-editor.default\">\n\t\t\t\t<div class=\"elementor-widget-container\">\n\t\t\t\t\t\t\t\t\t<p>If you are 16 years or older and want to try seafaring. Then you are welcome to contact the Office via\u00a0<a href=\"mailto:kansliet@ejdern.org\">e-mail<\/a>\u00a0or by phone. If you think it's fun and want to continue, we will help you with safety training and a medical certificate for seafarers. A small detail is that we in the crew work voluntarily. So unfortunately we can't offer a salary.<\/p>\t\t\t\t\t\t\t\t<\/div>\n\t\t\t\t<\/div>\n\t\t\t\t\t<\/div>\n\t\t<\/div>\n\t\t\t\t<div class=\"elementor-column elementor-col-50 elementor-top-column elementor-element elementor-element-805b1e8\" data-id=\"805b1e8\" data-element_type=\"column\" data-e-type=\"column\">\n\t\t\t<div class=\"elementor-widget-wrap elementor-element-populated\">\n\t\t\t\t\t\t<div class=\"elementor-element elementor-element-6b2a1db elementor-widget elementor-widget-heading\" data-id=\"6b2a1db\" data-element_type=\"widget\" data-e-type=\"widget\" data-widget_type=\"heading.default\">\n\t\t\t\t<div class=\"elementor-widget-container\">\n\t\t\t\t\t<h2 class=\"elementor-heading-title elementor-size-default\">Maintenance continues<\/h2>\t\t\t\t<\/div>\n\t\t\t\t<\/div>\n\t\t\t\t<div class=\"elementor-element elementor-element-923dff4 elementor-widget elementor-widget-text-editor\" data-id=\"923dff4\" data-element_type=\"widget\" data-e-type=\"widget\" data-widget_type=\"text-editor.default\">\n\t\t\t\t<div class=\"elementor-widget-container\">\n\t\t\t\t\t\t\t\t\t<p>Focus in 2026\/27<\/p><p>There are three things we will focus on, the boiler, the hull and the upper deck. We have a quote for the boiler repair which we will proceed with. We are actively seeking funding to replace additional sections of hull plating next winter and to sand and repaint the upper deck.<\/p><p>\u00a0<\/p>\t\t\t\t\t\t\t\t<\/div>\n\t\t\t\t<\/div>\n\t\t\t\t<div class=\"elementor-element elementor-element-9c8ccd4 elementor-widget elementor-widget-image\" data-id=\"9c8ccd4\" data-element_type=\"widget\" data-e-type=\"widget\" data-widget_type=\"image.default\">\n\t\t\t\t<div class=\"elementor-widget-container\">\n\t\t\t\t\t\t\t\t\t\t\t\t\t\t\t<img decoding=\"async\" width=\"800\" height=\"450\" src=\"https:\/\/wp.ejdern.org\/wp-content\/uploads\/2026\/02\/IMG_1774-1024x576.jpeg\" class=\"attachment-large size-large wp-image-3551\" alt=\"\" srcset=\"https:\/\/wp.ejdern.org\/wp-content\/uploads\/2026\/02\/IMG_1774-1024x576.jpeg 1024w, https:\/\/wp.ejdern.org\/wp-content\/uploads\/2026\/02\/IMG_1774-300x169.jpeg 300w, https:\/\/wp.ejdern.org\/wp-content\/uploads\/2026\/02\/IMG_1774-768x432.jpeg 768w, https:\/\/wp.ejdern.org\/wp-content\/uploads\/2026\/02\/IMG_1774-1536x864.jpeg 1536w, https:\/\/wp.ejdern.org\/wp-content\/uploads\/2026\/02\/IMG_1774-2048x1152.jpeg 2048w, https:\/\/wp.ejdern.org\/wp-content\/uploads\/2026\/02\/IMG_1774-18x10.jpeg 18w\" sizes=\"(max-width: 800px) 100vw, 800px\" \/>\t\t\t\t\t\t\t\t\t\t\t\t\t\t\t<\/div>\n\t\t\t\t<\/div>\n\t\t\t\t<div class=\"elementor-element elementor-element-0845fd0 elementor-widget elementor-widget-text-editor\" data-id=\"0845fd0\" data-element_type=\"widget\" data-e-type=\"widget\" data-widget_type=\"text-editor.default\">\n\t\t\t\t<div class=\"elementor-widget-container\">\n\t\t\t\t\t\t\t\t\t<h1><a href=\"https:\/\/www.marinetraffic.com\/en\/ais\/home\/shipid:6781977\/\"><span style=\"color: #ff0000;\">Where is the Eider right now?<br \/>Click here to follow her<\/span><\/a><\/h1>\t\t\t\t\t\t\t\t<\/div>\n\t\t\t\t<\/div>\n\t\t\t\t<div class=\"elementor-element elementor-element-4c512ed elementor-widget elementor-widget-image\" data-id=\"4c512ed\" data-element_type=\"widget\" data-e-type=\"widget\" data-widget_type=\"image.default\">\n\t\t\t\t<div class=\"elementor-widget-container\">\n\t\t\t\t\t\t\t\t\t\t\t\t\t\t\t<img loading=\"lazy\" decoding=\"async\" width=\"800\" height=\"576\" src=\"https:\/\/wp.ejdern.org\/wp-content\/uploads\/2023\/09\/Banderoll-1024x737.jpg\" class=\"attachment-large size-large wp-image-3178\" alt=\"\" srcset=\"https:\/\/wp.ejdern.org\/wp-content\/uploads\/2023\/09\/Banderoll-1024x737.jpg 1024w, https:\/\/wp.ejdern.org\/wp-content\/uploads\/2023\/09\/Banderoll-300x216.jpg 300w, https:\/\/wp.ejdern.org\/wp-content\/uploads\/2023\/09\/Banderoll-768x553.jpg 768w, https:\/\/wp.ejdern.org\/wp-content\/uploads\/2023\/09\/Banderoll-1536x1105.jpg 1536w, https:\/\/wp.ejdern.org\/wp-content\/uploads\/2023\/09\/Banderoll-2048x1473.jpg 2048w, https:\/\/wp.ejdern.org\/wp-content\/uploads\/2023\/09\/Banderoll-18x12.jpg 18w\" sizes=\"(max-width: 800px) 100vw, 800px\" \/>\t\t\t\t\t\t\t\t\t\t\t\t\t\t\t<\/div>\n\t\t\t\t<\/div>\n\t\t\t\t\t<\/div>\n\t\t<\/div>\n\t\t\t\t\t<\/div>\n\t\t<\/section>\n\t\t\t\t<\/div>","protected":false},"excerpt":{"rendered":"<p>V\u00e4lkommen till Ejdern * * * s\/s Ejdern VANN \u00c5RETS KRINGELST\u00c4LLE 2025 * * * Vilken gl\u00e4dje att f\u00e5 mottaga utm\u00e4rkelsen \u00c5rets Kringelst\u00e4lle i S\u00f6dert\u00e4lje. Ulf Fransberg och Gert Ekstr\u00f6m var inbjudna till avslutningsfestligheterna av S\u00f6dert\u00e4ljes N\u00e4ringslivsvecka den 17:e april och fick ta emot priset som \u00c5rets Kringelst\u00e4lle 2025 fr\u00e5n kommunens representanter. Ett tydligt besked [&hellip;]<\/p>\n","protected":false},"author":2,"featured_media":0,"parent":0,"menu_order":0,"comment_status":"closed","ping_status":"closed","template":"elementor_header_footer","meta":{"footnotes":""},"class_list":["post-105","page","type-page","status-publish","hentry"],"_links":{"self":[{"href":"https:\/\/wp.ejdern.org\/en\/wp-json\/wp\/v2\/pages\/105","targetHints":{"allow":["GET"]}}],"collection":[{"href":"https:\/\/wp.ejdern.org\/en\/wp-json\/wp\/v2\/pages"}],"about":[{"href":"https:\/\/wp.ejdern.org\/en\/wp-json\/wp\/v2\/types\/page"}],"author":[{"embeddable":true,"href":"https:\/\/wp.ejdern.org\/en\/wp-json\/wp\/v2\/users\/2"}],"replies":[{"embeddable":true,"href":"https:\/\/wp.ejdern.org\/en\/wp-json\/wp\/v2\/comments?post=105"}],"version-history":[{"count":718,"href":"https:\/\/wp.ejdern.org\/en\/wp-json\/wp\/v2\/pages\/105\/revisions"}],"predecessor-version":[{"id":3666,"href":"https:\/\/wp.ejdern.org\/en\/wp-json\/wp\/v2\/pages\/105\/revisions\/3666"}],"wp:attachment":[{"href":"https:\/\/wp.ejdern.org\/en\/wp-json\/wp\/v2\/media?parent=105"}],"curies":[{"name":"wp","href":"https:\/\/api.w.org\/{rel}","templated":true}]}}