{"id":1173,"date":"2021-04-22T13:23:37","date_gmt":"2021-04-22T12:23:37","guid":{"rendered":"http:\/\/wp.ejdern.org\/?page_id=1173"},"modified":"2021-08-20T07:38:49","modified_gmt":"2021-08-20T06:38:49","slug":"kaggeholm","status":"publish","type":"page","link":"https:\/\/wp.ejdern.org\/en\/kaggeholm\/","title":{"rendered":"Kaggeholm"},"content":{"rendered":"<div data-elementor-type=\"wp-page\" data-elementor-id=\"1173\" class=\"elementor elementor-1173\" data-elementor-post-type=\"page\">\n\t\t\t\t\t\t<section class=\"elementor-section elementor-top-section elementor-element elementor-element-16960e10 elementor-section-boxed elementor-section-height-default elementor-section-height-default\" data-id=\"16960e10\" data-element_type=\"section\" data-e-type=\"section\">\n\t\t\t\t\t\t<div class=\"elementor-container elementor-column-gap-default\">\n\t\t\t\t\t<div class=\"elementor-column elementor-col-50 elementor-top-column elementor-element elementor-element-5155ec1a\" data-id=\"5155ec1a\" data-element_type=\"column\" data-e-type=\"column\">\n\t\t\t<div class=\"elementor-widget-wrap elementor-element-populated\">\n\t\t\t\t\t\t<div class=\"elementor-element elementor-element-4e3c8a01 elementor-widget elementor-widget-heading\" data-id=\"4e3c8a01\" data-element_type=\"widget\" data-e-type=\"widget\" data-widget_type=\"heading.default\">\n\t\t\t\t<div class=\"elementor-widget-container\">\n\t\t\t\t\t<h2 class=\"elementor-heading-title elementor-size-default\">Kaggeholm Castle<\/h2>\t\t\t\t<\/div>\n\t\t\t\t<\/div>\n\t\t\t\t<div class=\"elementor-element elementor-element-3d750b7d elementor-widget elementor-widget-text-editor\" data-id=\"3d750b7d\" data-element_type=\"widget\" data-e-type=\"widget\" data-widget_type=\"text-editor.default\">\n\t\t\t\t<div class=\"elementor-widget-container\">\n\t\t\t\t\t\t\t\t\t<p>Kaggeholm Castle is located on Helg\u00f6, one of the Eker Islands. The castle was sold in 2018 and is now under renovation and a lot of things will happen there. <a href=\"http:\/\/www.kaggeholmsslott.se\/\" target=\"_blank\" rel=\"noopener\">Here<\/a> is you can find more information.<\/p>\t\t\t\t\t\t\t\t<\/div>\n\t\t\t\t<\/div>\n\t\t\t\t<div class=\"elementor-element elementor-element-406a46f6 elementor-widget elementor-widget-heading\" data-id=\"406a46f6\" data-element_type=\"widget\" data-e-type=\"widget\" data-widget_type=\"heading.default\">\n\t\t\t\t<div class=\"elementor-widget-container\">\n\t\t\t\t\t<h2 class=\"elementor-heading-title elementor-size-default\">Schedule<\/h2>\t\t\t\t<\/div>\n\t\t\t\t<\/div>\n\t\t\t\t<section class=\"elementor-section elementor-inner-section elementor-element elementor-element-59198fd9 elementor-hidden-phone elementor-section-boxed elementor-section-height-default elementor-section-height-default\" data-id=\"59198fd9\" data-element_type=\"section\" data-e-type=\"section\">\n\t\t\t\t\t\t<div class=\"elementor-container elementor-column-gap-default\">\n\t\t\t\t\t<div class=\"elementor-column elementor-col-33 elementor-inner-column elementor-element elementor-element-2ae75ab5\" data-id=\"2ae75ab5\" data-element_type=\"column\" data-e-type=\"column\">\n\t\t\t<div class=\"elementor-widget-wrap elementor-element-populated\">\n\t\t\t\t\t\t<div class=\"elementor-element elementor-element-1991af89 elementor-widget elementor-widget-text-editor\" data-id=\"1991af89\" data-element_type=\"widget\" data-e-type=\"widget\" data-widget_type=\"text-editor.default\">\n\t\t\t\t<div class=\"elementor-widget-container\">\n\t\t\t\t\t\t\t\t\t<p><strong>Dep.<\/strong><br \/>09:45<br \/>10:05<br \/>11:10<\/p>\t\t\t\t\t\t\t\t<\/div>\n\t\t\t\t<\/div>\n\t\t\t\t\t<\/div>\n\t\t<\/div>\n\t\t\t\t<div class=\"elementor-column elementor-col-33 elementor-inner-column elementor-element elementor-element-3e6c2915\" data-id=\"3e6c2915\" data-element_type=\"column\" data-e-type=\"column\">\n\t\t\t<div class=\"elementor-widget-wrap elementor-element-populated\">\n\t\t\t\t\t\t<div class=\"elementor-element elementor-element-75c2e29c elementor-widget elementor-widget-text-editor\" data-id=\"75c2e29c\" data-element_type=\"widget\" data-e-type=\"widget\" data-widget_type=\"text-editor.default\">\n\t\t\t\t<div class=\"elementor-widget-container\">\n\t\t\t\t\t\t\t\t\t<p><strong>-<\/strong><br \/>Borgm\u00e4starudden<br \/>M\u00e4larehamnen<br \/>Kaggeholm<\/p>\t\t\t\t\t\t\t\t<\/div>\n\t\t\t\t<\/div>\n\t\t\t\t\t<\/div>\n\t\t<\/div>\n\t\t\t\t<div class=\"elementor-column elementor-col-33 elementor-inner-column elementor-element elementor-element-4887ef86\" data-id=\"4887ef86\" data-element_type=\"column\" data-e-type=\"column\">\n\t\t\t<div class=\"elementor-widget-wrap elementor-element-populated\">\n\t\t\t\t\t\t<div class=\"elementor-element elementor-element-31de365f elementor-widget elementor-widget-text-editor\" data-id=\"31de365f\" data-element_type=\"widget\" data-e-type=\"widget\" data-widget_type=\"text-editor.default\">\n\t\t\t\t<div class=\"elementor-widget-container\">\n\t\t\t\t\t\t\t\t\t<p style=\"text-align: center;\"><strong>Return<\/strong><br \/>16:20<br \/>16:00<br \/>15:00<\/p>\t\t\t\t\t\t\t\t<\/div>\n\t\t\t\t<\/div>\n\t\t\t\t\t<\/div>\n\t\t<\/div>\n\t\t\t\t\t<\/div>\n\t\t<\/section>\n\t\t\t\t<div class=\"elementor-element elementor-element-3488852f elementor-hidden-desktop elementor-hidden-tablet elementor-widget elementor-widget-text-editor\" data-id=\"3488852f\" data-element_type=\"widget\" data-e-type=\"widget\" data-widget_type=\"text-editor.default\">\n\t\t\t\t<div class=\"elementor-widget-container\">\n\t\t\t\t\t\t\t\t\t<p>09:45 - Mayor's Cape - 16:20<br \/>10:05 - <span style=\"text-align: start;\">M\u00e4larehamnen - 16:00<\/span><br \/>11:10 - Kaggeholm<span style=\"text-align: start;\">\u00a0 \u00a0 \u00a0 \u00a0 \u00a0 \u00a0 - 15:00<\/span><\/p>\t\t\t\t\t\t\t\t<\/div>\n\t\t\t\t<\/div>\n\t\t\t\t\t<\/div>\n\t\t<\/div>\n\t\t\t\t<div class=\"elementor-column elementor-col-50 elementor-top-column elementor-element elementor-element-5ed0ad62\" data-id=\"5ed0ad62\" data-element_type=\"column\" data-e-type=\"column\">\n\t\t\t<div class=\"elementor-widget-wrap elementor-element-populated\">\n\t\t\t\t\t\t<div class=\"elementor-element elementor-element-1f1ba43 elementor-widget elementor-widget-image\" data-id=\"1f1ba43\" data-element_type=\"widget\" data-e-type=\"widget\" data-widget_type=\"image.default\">\n\t\t\t\t<div class=\"elementor-widget-container\">\n\t\t\t\t\t\t\t\t\t\t\t\t\t\t\t<img fetchpriority=\"high\" decoding=\"async\" width=\"800\" height=\"548\" src=\"https:\/\/wp.ejdern.org\/wp-content\/uploads\/2021\/04\/Kaggeholms-slott-med-pioner-1024x702.jpg\" class=\"attachment-large size-large wp-image-1195\" alt=\"\" srcset=\"https:\/\/wp.ejdern.org\/wp-content\/uploads\/2021\/04\/Kaggeholms-slott-med-pioner-1024x702.jpg 1024w, https:\/\/wp.ejdern.org\/wp-content\/uploads\/2021\/04\/Kaggeholms-slott-med-pioner-300x206.jpg 300w, https:\/\/wp.ejdern.org\/wp-content\/uploads\/2021\/04\/Kaggeholms-slott-med-pioner-768x527.jpg 768w, https:\/\/wp.ejdern.org\/wp-content\/uploads\/2021\/04\/Kaggeholms-slott-med-pioner-1536x1053.jpg 1536w, https:\/\/wp.ejdern.org\/wp-content\/uploads\/2021\/04\/Kaggeholms-slott-med-pioner-16x12.jpg 16w, https:\/\/wp.ejdern.org\/wp-content\/uploads\/2021\/04\/Kaggeholms-slott-med-pioner.jpg 1575w\" sizes=\"(max-width: 800px) 100vw, 800px\" \/>\t\t\t\t\t\t\t\t\t\t\t\t\t\t\t<\/div>\n\t\t\t\t<\/div>\n\t\t\t\t\t<\/div>\n\t\t<\/div>\n\t\t\t\t\t<\/div>\n\t\t<\/section>\n\t\t\t\t<\/div>","protected":false},"excerpt":{"rendered":"<p>Kaggeholms slott Kaggeholms Slott ligger p\u00e5 Helg\u00f6 som \u00e4r en av Eker\u00f6arna. Slottet s\u00e5ldes 2018 och \u00e4r nu under renovering och en massa saker kommer h\u00e4nda d\u00e4r. H\u00e4r \u00e4r kan du hitta mer information. Tidtabell Tur09:4510:0511:10 &#8211;Borgm\u00e4staruddenM\u00e4larehamnenKaggeholm Retur16:2016:0015:00 09:45 &#8211; Borgm\u00e4starudden &#8211; 16:2010:05 &#8211; M\u00e4larehamnen\u00a0 \u00a0 \u00a0 &#8211; 16:0011:10 &#8211; Kaggeholm\u00a0 \u00a0 \u00a0 \u00a0 \u00a0 [&hellip;]<\/p>\n","protected":false},"author":1,"featured_media":0,"parent":0,"menu_order":0,"comment_status":"closed","ping_status":"closed","template":"elementor_header_footer","meta":{"footnotes":""},"class_list":["post-1173","page","type-page","status-publish","hentry"],"_links":{"self":[{"href":"https:\/\/wp.ejdern.org\/en\/wp-json\/wp\/v2\/pages\/1173","targetHints":{"allow":["GET"]}}],"collection":[{"href":"https:\/\/wp.ejdern.org\/en\/wp-json\/wp\/v2\/pages"}],"about":[{"href":"https:\/\/wp.ejdern.org\/en\/wp-json\/wp\/v2\/types\/page"}],"author":[{"embeddable":true,"href":"https:\/\/wp.ejdern.org\/en\/wp-json\/wp\/v2\/users\/1"}],"replies":[{"embeddable":true,"href":"https:\/\/wp.ejdern.org\/en\/wp-json\/wp\/v2\/comments?post=1173"}],"version-history":[{"count":46,"href":"https:\/\/wp.ejdern.org\/en\/wp-json\/wp\/v2\/pages\/1173\/revisions"}],"predecessor-version":[{"id":2334,"href":"https:\/\/wp.ejdern.org\/en\/wp-json\/wp\/v2\/pages\/1173\/revisions\/2334"}],"wp:attachment":[{"href":"https:\/\/wp.ejdern.org\/en\/wp-json\/wp\/v2\/media?parent=1173"}],"curies":[{"name":"wp","href":"https:\/\/api.w.org\/{rel}","templated":true}]}}