{"id":1572,"date":"2021-05-14T13:11:08","date_gmt":"2021-05-14T12:11:08","guid":{"rendered":"https:\/\/wp.ejdern.org\/?page_id=1572"},"modified":"2026-02-22T11:54:03","modified_gmt":"2026-02-22T10:54:03","slug":"charter","status":"publish","type":"page","link":"https:\/\/wp.ejdern.org\/en\/charter\/","title":{"rendered":"Charter"},"content":{"rendered":"<div data-elementor-type=\"wp-page\" data-elementor-id=\"1572\" class=\"elementor elementor-1572\" data-elementor-post-type=\"page\">\n\t\t\t\t\t\t<section class=\"elementor-section elementor-top-section elementor-element elementor-element-1912c01a elementor-section-boxed elementor-section-height-default elementor-section-height-default\" data-id=\"1912c01a\" data-element_type=\"section\" data-e-type=\"section\">\n\t\t\t\t\t\t<div class=\"elementor-container elementor-column-gap-default\">\n\t\t\t\t\t<div class=\"elementor-column elementor-col-50 elementor-top-column elementor-element elementor-element-eadaa7d\" data-id=\"eadaa7d\" data-element_type=\"column\" data-e-type=\"column\">\n\t\t\t<div class=\"elementor-widget-wrap elementor-element-populated\">\n\t\t\t\t\t\t<div class=\"elementor-element elementor-element-63994dff elementor-widget elementor-widget-heading\" data-id=\"63994dff\" data-element_type=\"widget\" data-e-type=\"widget\" data-widget_type=\"heading.default\">\n\t\t\t\t<div class=\"elementor-widget-container\">\n\t\t\t\t\t<h2 class=\"elementor-heading-title elementor-size-default\">Chartra Ejdern<\/h2>\t\t\t\t<\/div>\n\t\t\t\t<\/div>\n\t\t\t\t<div class=\"elementor-element elementor-element-7b664841 elementor-widget elementor-widget-text-editor\" data-id=\"7b664841\" data-element_type=\"widget\" data-e-type=\"widget\" data-widget_type=\"text-editor.default\">\n\t\t\t\t<div class=\"elementor-widget-container\">\n\t\t\t\t\t\t\t\t\t<p>You can charter the Eider for a few hours or a whole day. We can set the table for 24 seated guests on the aft deck. If you want a mingle party, around 40 guests is a reasonable number, although we can take 85 guests. We can arrange catering, but stronger drinks than beer you bring yourself. You can choose one of our destinations or we can customise a trip.<\/p>\t\t\t\t\t\t\t\t<\/div>\n\t\t\t\t<\/div>\n\t\t\t\t<div class=\"elementor-element elementor-element-5ee1bc99 elementor-widget elementor-widget-heading\" data-id=\"5ee1bc99\" data-element_type=\"widget\" data-e-type=\"widget\" data-widget_type=\"heading.default\">\n\t\t\t\t<div class=\"elementor-widget-container\">\n\t\t\t\t\t<h2 class=\"elementor-heading-title elementor-size-default\">Destinations and prices<\/h2>\t\t\t\t<\/div>\n\t\t\t\t<\/div>\n\t\t\t\t<div class=\"elementor-element elementor-element-4bbbe5b elementor-widget elementor-widget-text-editor\" data-id=\"4bbbe5b\" data-element_type=\"widget\" data-e-type=\"widget\" data-widget_type=\"text-editor.default\">\n\t\t\t\t<div class=\"elementor-widget-container\">\n\t\t\t\t\t\t\t\t\t<p>Up to four hours 19 250 SEK. For example, lunch at Kaggeholm's beach bistro (Helg\u00f6).<\/p><p>Between four and eight hours SEK 31,350. A trip to Birka, Taxinge, Mariefred, Engsholm Castle, M\u00e4ls\u00e5ker Castle, Sturehov Castle, Skansholmen Sj\u00f6krog &amp; Bistro or Oaxen can be a pleasant excursion.<\/p><p>Up to fourteen hours 40 700 SEK. If you want to look after your guests for a whole day, we can suggest Stallarholmen, Str\u00e4ngn\u00e4s or Stockholm.<\/p>\t\t\t\t\t\t\t\t<\/div>\n\t\t\t\t<\/div>\n\t\t\t\t<div class=\"elementor-element elementor-element-c3837f0 elementor-widget elementor-widget-heading\" data-id=\"c3837f0\" data-element_type=\"widget\" data-e-type=\"widget\" data-widget_type=\"heading.default\">\n\t\t\t\t<div class=\"elementor-widget-container\">\n\t\t\t\t\t<h2 class=\"elementor-heading-title elementor-size-default\">Catering<\/h2>\t\t\t\t<\/div>\n\t\t\t\t<\/div>\n\t\t\t\t<div class=\"elementor-element elementor-element-bd0a690 elementor-widget elementor-widget-text-editor\" data-id=\"bd0a690\" data-element_type=\"widget\" data-e-type=\"widget\" data-widget_type=\"text-editor.default\">\n\t\t\t\t<div class=\"elementor-widget-container\">\n\t\t\t\t\t\t\t\t\t<p>Contact the office via <a href=\"mailto:kansliet@ejdern.org\">mail<\/a> or phone 08 550 110 20 and we'll sort it out.<\/p>\t\t\t\t\t\t\t\t<\/div>\n\t\t\t\t<\/div>\n\t\t\t\t<div class=\"elementor-element elementor-element-c265463 elementor-widget elementor-widget-image\" data-id=\"c265463\" data-element_type=\"widget\" data-e-type=\"widget\" data-widget_type=\"image.default\">\n\t\t\t\t<div class=\"elementor-widget-container\">\n\t\t\t\t\t\t\t\t\t\t\t\t\t\t\t<img fetchpriority=\"high\" decoding=\"async\" width=\"266\" height=\"190\" src=\"https:\/\/wp.ejdern.org\/wp-content\/uploads\/2021\/05\/blombukett.jpg\" class=\"attachment-large size-large wp-image-1596\" alt=\"\" srcset=\"https:\/\/wp.ejdern.org\/wp-content\/uploads\/2021\/05\/blombukett.jpg 266w, https:\/\/wp.ejdern.org\/wp-content\/uploads\/2021\/05\/blombukett-16x12.jpg 16w\" sizes=\"(max-width: 266px) 100vw, 266px\" \/>\t\t\t\t\t\t\t\t\t\t\t\t\t\t\t<\/div>\n\t\t\t\t<\/div>\n\t\t\t\t\t<\/div>\n\t\t<\/div>\n\t\t\t\t<div class=\"elementor-column elementor-col-50 elementor-top-column elementor-element elementor-element-63339ff\" data-id=\"63339ff\" data-element_type=\"column\" data-e-type=\"column\">\n\t\t\t<div class=\"elementor-widget-wrap elementor-element-populated\">\n\t\t\t\t\t\t<div class=\"elementor-element elementor-element-cef3af7 elementor-widget elementor-widget-image\" data-id=\"cef3af7\" data-element_type=\"widget\" data-e-type=\"widget\" data-widget_type=\"image.default\">\n\t\t\t\t<div class=\"elementor-widget-container\">\n\t\t\t\t\t\t\t\t\t\t\t\t\t\t\t<img decoding=\"async\" width=\"576\" height=\"1024\" src=\"https:\/\/wp.ejdern.org\/wp-content\/uploads\/2021\/05\/Charter-576x1024.jpg\" class=\"attachment-large size-large wp-image-1595\" alt=\"\" srcset=\"https:\/\/wp.ejdern.org\/wp-content\/uploads\/2021\/05\/Charter-576x1024.jpg 576w, https:\/\/wp.ejdern.org\/wp-content\/uploads\/2021\/05\/Charter-169x300.jpg 169w, https:\/\/wp.ejdern.org\/wp-content\/uploads\/2021\/05\/Charter-768x1365.jpg 768w, https:\/\/wp.ejdern.org\/wp-content\/uploads\/2021\/05\/Charter-864x1536.jpg 864w, https:\/\/wp.ejdern.org\/wp-content\/uploads\/2021\/05\/Charter-1152x2048.jpg 1152w, https:\/\/wp.ejdern.org\/wp-content\/uploads\/2021\/05\/Charter-7x12.jpg 7w, https:\/\/wp.ejdern.org\/wp-content\/uploads\/2021\/05\/Charter-scaled.jpg 1440w\" sizes=\"(max-width: 576px) 100vw, 576px\" \/>\t\t\t\t\t\t\t\t\t\t\t\t\t\t\t<\/div>\n\t\t\t\t<\/div>\n\t\t\t\t\t<\/div>\n\t\t<\/div>\n\t\t\t\t\t<\/div>\n\t\t<\/section>\n\t\t\t\t<\/div>","protected":false},"excerpt":{"rendered":"<p>Chartra Ejdern Du kan chartra Ejdern n\u00e5gra timmar eller en hel dag. Vi kan duka f\u00f6r 24 sittande g\u00e4ster p\u00e5 akterd\u00e4ck. Vill du ha ett mingelparty s\u00e5 \u00e4r runt 40 g\u00e4ster ett lagom antal \u00e4ven fast vi kan ta 85 g\u00e4ster. Vi kan ordna catering men starkare drycker \u00e4n folk\u00f6l tar du med dig sj\u00e4lv. [&hellip;]<\/p>\n","protected":false},"author":2,"featured_media":0,"parent":0,"menu_order":0,"comment_status":"closed","ping_status":"closed","template":"","meta":{"footnotes":""},"class_list":["post-1572","page","type-page","status-publish","hentry"],"_links":{"self":[{"href":"https:\/\/wp.ejdern.org\/en\/wp-json\/wp\/v2\/pages\/1572","targetHints":{"allow":["GET"]}}],"collection":[{"href":"https:\/\/wp.ejdern.org\/en\/wp-json\/wp\/v2\/pages"}],"about":[{"href":"https:\/\/wp.ejdern.org\/en\/wp-json\/wp\/v2\/types\/page"}],"author":[{"embeddable":true,"href":"https:\/\/wp.ejdern.org\/en\/wp-json\/wp\/v2\/users\/2"}],"replies":[{"embeddable":true,"href":"https:\/\/wp.ejdern.org\/en\/wp-json\/wp\/v2\/comments?post=1572"}],"version-history":[{"count":58,"href":"https:\/\/wp.ejdern.org\/en\/wp-json\/wp\/v2\/pages\/1572\/revisions"}],"predecessor-version":[{"id":3620,"href":"https:\/\/wp.ejdern.org\/en\/wp-json\/wp\/v2\/pages\/1572\/revisions\/3620"}],"wp:attachment":[{"href":"https:\/\/wp.ejdern.org\/en\/wp-json\/wp\/v2\/media?parent=1572"}],"curies":[{"name":"wp","href":"https:\/\/api.w.org\/{rel}","templated":true}]}}