{"id":1728,"date":"2021-05-23T06:37:13","date_gmt":"2021-05-23T05:37:13","guid":{"rendered":"https:\/\/wp.ejdern.org\/?page_id=1728"},"modified":"2023-06-14T05:34:48","modified_gmt":"2023-06-14T04:34:48","slug":"malsaker","status":"publish","type":"page","link":"https:\/\/wp.ejdern.org\/en\/malsaker\/","title":{"rendered":"M\u00e4ls\u00e5ker"},"content":{"rendered":"<div data-elementor-type=\"wp-page\" data-elementor-id=\"1728\" class=\"elementor elementor-1728\" data-elementor-post-type=\"page\">\n\t\t\t\t\t\t<section class=\"elementor-section elementor-top-section elementor-element elementor-element-6ac16440 elementor-section-boxed elementor-section-height-default elementor-section-height-default\" data-id=\"6ac16440\" data-element_type=\"section\" data-e-type=\"section\">\n\t\t\t\t\t\t<div class=\"elementor-container elementor-column-gap-default\">\n\t\t\t\t\t<div class=\"elementor-column elementor-col-50 elementor-top-column elementor-element elementor-element-72512221\" data-id=\"72512221\" data-element_type=\"column\" data-e-type=\"column\">\n\t\t\t<div class=\"elementor-widget-wrap elementor-element-populated\">\n\t\t\t\t\t\t<div class=\"elementor-element elementor-element-29416c4d elementor-widget elementor-widget-heading\" data-id=\"29416c4d\" data-element_type=\"widget\" data-e-type=\"widget\" data-widget_type=\"heading.default\">\n\t\t\t\t<div class=\"elementor-widget-container\">\n\t\t\t\t\t<h2 class=\"elementor-heading-title elementor-size-default\">M\u00e4ls\u00e5ker Castle<\/h2>\t\t\t\t<\/div>\n\t\t\t\t<\/div>\n\t\t\t\t<div class=\"elementor-element elementor-element-258428ab elementor-widget elementor-widget-text-editor\" data-id=\"258428ab\" data-element_type=\"widget\" data-e-type=\"widget\" data-widget_type=\"text-editor.default\">\n\t\t\t\t<div class=\"elementor-widget-container\">\n\t\t\t\t\t\t\t\t\t<p>M\u00e4ls\u00e5ker Castle is one of Sweden's most beautiful Baroque castles located on Sela\u00f6n, the largest island in Lake M\u00e4laren. Read more <a href=\"https:\/\/malsaker.nu\/\">here<\/a>.<\/p>\t\t\t\t\t\t\t\t<\/div>\n\t\t\t\t<\/div>\n\t\t\t\t<div class=\"elementor-element elementor-element-3935b54 elementor-widget elementor-widget-heading\" data-id=\"3935b54\" data-element_type=\"widget\" data-e-type=\"widget\" data-widget_type=\"heading.default\">\n\t\t\t\t<div class=\"elementor-widget-container\">\n\t\t\t\t\t<h2 class=\"elementor-heading-title elementor-size-default\">Facilities<\/h2>\t\t\t\t<\/div>\n\t\t\t\t<\/div>\n\t\t\t\t<div class=\"elementor-element elementor-element-b63d31f elementor-hidden-desktop elementor-hidden-tablet elementor-hidden-mobile elementor-widget elementor-widget-text-editor\" data-id=\"b63d31f\" data-element_type=\"widget\" data-e-type=\"widget\" data-widget_type=\"text-editor.default\">\n\t\t\t\t<div class=\"elementor-widget-container\">\n\t\t\t\t\t\t\t\t\t<p>You can order a picnic with a tasty salad and goodies. The M\u00e4ls\u00e5kers Framtid association will compose and prepare tasty salads and you can choose between hot smoked salmon, chicken or halloumi together with bulgur and vegetables, butter and freshly baked bread, cheese, strawberries, coffee and cake. Children, up to 12 years old, can enjoy a pasta salad with meatballs, butter and bread, strawberries and drinks.<\/p><p>You can also book a guided tour of the castle.<\/p><p><strong><span style=\"color: #ff0000;\">OBS!<\/span>\u00a0<\/strong>Order your picnic at least one week in advance.<\/p><p>There is a summer caf\u00e9 serving:\u00a0<\/p><p>Belgian waffles with:<br \/>1.Fresh strawberries, cream and jam <br \/>2. Deer lemon jam and cream <br \/>3. Rum, red onion, sour cream, chives <br \/>4. Waffle of the day <br \/>In addition to the waffles, there is ice cream, homemade pastries such as biscuits of different varieties, homemade cookies and homemade buns.<br \/>There will also be smaller salads, fruit salads depending on the weather.<\/p>\t\t\t\t\t\t\t\t<\/div>\n\t\t\t\t<\/div>\n\t\t\t\t<div class=\"elementor-element elementor-element-89797d4 elementor-widget elementor-widget-text-editor\" data-id=\"89797d4\" data-element_type=\"widget\" data-e-type=\"widget\" data-widget_type=\"text-editor.default\">\n\t\t\t\t<div class=\"elementor-widget-container\">\n\t\t\t\t\t\t\t\t\t<p>There is a summer caf\u00e9 serving coffee and light meals.<br><\/p>\t\t\t\t\t\t\t\t<\/div>\n\t\t\t\t<\/div>\n\t\t\t\t<div class=\"elementor-element elementor-element-2cdf4b1 elementor-hidden-desktop elementor-hidden-tablet elementor-hidden-mobile elementor-widget elementor-widget-text-editor\" data-id=\"2cdf4b1\" data-element_type=\"widget\" data-e-type=\"widget\" data-widget_type=\"text-editor.default\">\n\t\t\t\t<div class=\"elementor-widget-container\">\n\t\t\t\t\t\t\t\t\t<p><span style=\"color: var( --e-global-color-text ); font-family: var( --e-global-typography-text-font-family ), Sans-serif; font-weight: var( --e-global-typography-text-font-weight ); font-size: 1rem;\">Belgian waffles with:<\/span><\/p><p>1. Fresh strawberries, cream and jam <br \/>2. Deer lemon jam and cream <br \/>3. Rum, red onion, sour cream, chives <br \/>4. Waffle of the day <br \/>In addition to the waffles, there is ice cream, homemade pastries such as biscuits of different varieties, homemade cookies and homemade buns.<br \/>There will also be smaller salads, fruit salads depending on the weather.<\/p>\t\t\t\t\t\t\t\t<\/div>\n\t\t\t\t<\/div>\n\t\t\t\t<div class=\"elementor-element elementor-element-2a08582 elementor-hidden-desktop elementor-hidden-tablet elementor-hidden-mobile elementor-widget elementor-widget-heading\" data-id=\"2a08582\" data-element_type=\"widget\" data-e-type=\"widget\" data-widget_type=\"heading.default\">\n\t\t\t\t<div class=\"elementor-widget-container\">\n\t\t\t\t\t<h2 class=\"elementor-heading-title elementor-size-default\">Timetable from Stallarholmen<\/h2>\t\t\t\t<\/div>\n\t\t\t\t<\/div>\n\t\t\t\t<section class=\"elementor-section elementor-inner-section elementor-element elementor-element-360def0 elementor-hidden-desktop elementor-hidden-tablet elementor-hidden-mobile elementor-section-boxed elementor-section-height-default elementor-section-height-default\" data-id=\"360def0\" data-element_type=\"section\" data-e-type=\"section\">\n\t\t\t\t\t\t<div class=\"elementor-container elementor-column-gap-default\">\n\t\t\t\t\t<div class=\"elementor-column elementor-col-50 elementor-inner-column elementor-element elementor-element-dc5e169\" data-id=\"dc5e169\" data-element_type=\"column\" data-e-type=\"column\">\n\t\t\t<div class=\"elementor-widget-wrap elementor-element-populated\">\n\t\t\t\t\t\t<div class=\"elementor-element elementor-element-d130467 elementor-widget elementor-widget-text-editor\" data-id=\"d130467\" data-element_type=\"widget\" data-e-type=\"widget\" data-widget_type=\"text-editor.default\">\n\t\t\t\t<div class=\"elementor-widget-container\">\n\t\t\t\t\t\t\t\t\t<p>Stallarholmen<br \/>M\u00e4ls\u00e5ker Castle<br \/><span style=\"color: #00b0fb;\"><strong>Time at the castle<br \/><\/strong><\/span>M\u00e4ls\u00e5ker Castle<br \/>Stallarholmen<\/p>\t\t\t\t\t\t\t\t<\/div>\n\t\t\t\t<\/div>\n\t\t\t\t\t<\/div>\n\t\t<\/div>\n\t\t\t\t<div class=\"elementor-column elementor-col-50 elementor-inner-column elementor-element elementor-element-eef4a5c\" data-id=\"eef4a5c\" data-element_type=\"column\" data-e-type=\"column\">\n\t\t\t<div class=\"elementor-widget-wrap elementor-element-populated\">\n\t\t\t\t\t\t<div class=\"elementor-element elementor-element-fe9a8b8 elementor-widget elementor-widget-text-editor\" data-id=\"fe9a8b8\" data-element_type=\"widget\" data-e-type=\"widget\" data-widget_type=\"text-editor.default\">\n\t\t\t\t<div class=\"elementor-widget-container\">\n\t\t\t\t\t\t\t\t\t<p>12:15<br \/>13:00<br \/><span style=\"color: #00b0fb;\"><strong>2 hours 30 min<br \/><\/strong><\/span>15:30<br \/>16:15<\/p>\t\t\t\t\t\t\t\t<\/div>\n\t\t\t\t<\/div>\n\t\t\t\t\t<\/div>\n\t\t<\/div>\n\t\t\t\t\t<\/div>\n\t\t<\/section>\n\t\t\t\t<div class=\"elementor-element elementor-element-538fb3ba elementor-widget elementor-widget-heading\" data-id=\"538fb3ba\" data-element_type=\"widget\" data-e-type=\"widget\" data-widget_type=\"heading.default\">\n\t\t\t\t<div class=\"elementor-widget-container\">\n\t\t\t\t\t<h2 class=\"elementor-heading-title elementor-size-default\"><br>Timetable from S\u00f6dert\u00e4lje<\/h2>\t\t\t\t<\/div>\n\t\t\t\t<\/div>\n\t\t\t\t<section class=\"elementor-section elementor-inner-section elementor-element elementor-element-284fe86 elementor-section-boxed elementor-section-height-default elementor-section-height-default\" data-id=\"284fe86\" data-element_type=\"section\" data-e-type=\"section\">\n\t\t\t\t\t\t<div class=\"elementor-container elementor-column-gap-default\">\n\t\t\t\t\t<div class=\"elementor-column elementor-col-50 elementor-inner-column elementor-element elementor-element-bf8bcdb\" data-id=\"bf8bcdb\" data-element_type=\"column\" data-e-type=\"column\">\n\t\t\t<div class=\"elementor-widget-wrap elementor-element-populated\">\n\t\t\t\t\t\t<div class=\"elementor-element elementor-element-70a4a3c elementor-widget elementor-widget-text-editor\" data-id=\"70a4a3c\" data-element_type=\"widget\" data-e-type=\"widget\" data-widget_type=\"text-editor.default\">\n\t\t\t\t<div class=\"elementor-widget-container\">\n\t\t\t\t\t\t\t\t\t<p>Borgm\u00e4starudden<br \/>M\u00e4larhamnen<br \/>Sandviken<br \/>Ekensberg<br \/>M\u00e4ls\u00e5ker Castle<br \/><span style=\"color: #00b0fb;\"><strong>Time at the castle<\/strong><\/span><span style=\"color: #00b0fb;\"><strong><br \/><\/strong><\/span>M\u00e4ls\u00e5ker Castle<br \/>Ekensberg<br \/>Sandviken<br \/>M\u00e4larhamnen\u00a0<br \/>Borgm\u00e4starudden<\/p>\t\t\t\t\t\t\t\t<\/div>\n\t\t\t\t<\/div>\n\t\t\t\t\t<\/div>\n\t\t<\/div>\n\t\t\t\t<div class=\"elementor-column elementor-col-50 elementor-inner-column elementor-element elementor-element-75442d7\" data-id=\"75442d7\" data-element_type=\"column\" data-e-type=\"column\">\n\t\t\t<div class=\"elementor-widget-wrap elementor-element-populated\">\n\t\t\t\t\t\t<div class=\"elementor-element elementor-element-b583f56 elementor-widget elementor-widget-text-editor\" data-id=\"b583f56\" data-element_type=\"widget\" data-e-type=\"widget\" data-widget_type=\"text-editor.default\">\n\t\t\t\t<div class=\"elementor-widget-container\">\n\t\t\t\t\t\t\t\t\t<p>09:45<br \/>10:05<br \/>10:50<br \/>11:20<br \/>12:30<br \/><span style=\"color: #00b0fb;\"><strong>2 hours 30 min<\/strong><\/span><br \/>15:00<br \/>16:10<br \/>16:40<br \/><span style=\"color: var( --e-global-color-text ); font-family: var( --e-global-typography-text-font-family ), Sans-serif; font-weight: var( --e-global-typography-text-font-weight ); font-size: 1rem;\">17:25<br \/><\/span><span style=\"color: var( --e-global-color-text ); font-family: var( --e-global-typography-text-font-family ), Sans-serif; font-weight: var( --e-global-typography-text-font-weight ); font-size: 1rem;\">17:45<\/span><\/p>\t\t\t\t\t\t\t\t<\/div>\n\t\t\t\t<\/div>\n\t\t\t\t\t<\/div>\n\t\t<\/div>\n\t\t\t\t\t<\/div>\n\t\t<\/section>\n\t\t\t\t\t<\/div>\n\t\t<\/div>\n\t\t\t\t<div class=\"elementor-column elementor-col-50 elementor-top-column elementor-element elementor-element-20d86626\" data-id=\"20d86626\" data-element_type=\"column\" data-e-type=\"column\">\n\t\t\t<div class=\"elementor-widget-wrap elementor-element-populated\">\n\t\t\t\t\t\t<div class=\"elementor-element elementor-element-ad5ea17 elementor-widget elementor-widget-image\" data-id=\"ad5ea17\" data-element_type=\"widget\" data-e-type=\"widget\" data-widget_type=\"image.default\">\n\t\t\t\t<div class=\"elementor-widget-container\">\n\t\t\t\t\t\t\t\t\t\t\t\t\t\t\t<img fetchpriority=\"high\" decoding=\"async\" width=\"700\" height=\"395\" src=\"https:\/\/wp.ejdern.org\/wp-content\/uploads\/2021\/05\/Flygfoto_Malsakersslott5_Selaon_Stallarholmen_20190614.jpg\" class=\"attachment-large size-large wp-image-1734\" alt=\"\" srcset=\"https:\/\/wp.ejdern.org\/wp-content\/uploads\/2021\/05\/Flygfoto_Malsakersslott5_Selaon_Stallarholmen_20190614.jpg 700w, https:\/\/wp.ejdern.org\/wp-content\/uploads\/2021\/05\/Flygfoto_Malsakersslott5_Selaon_Stallarholmen_20190614-300x169.jpg 300w, https:\/\/wp.ejdern.org\/wp-content\/uploads\/2021\/05\/Flygfoto_Malsakersslott5_Selaon_Stallarholmen_20190614-16x9.jpg 16w\" sizes=\"(max-width: 700px) 100vw, 700px\" \/>\t\t\t\t\t\t\t\t\t\t\t\t\t\t\t<\/div>\n\t\t\t\t<\/div>\n\t\t\t\t\t<\/div>\n\t\t<\/div>\n\t\t\t\t\t<\/div>\n\t\t<\/section>\n\t\t\t\t<\/div>","protected":false},"excerpt":{"rendered":"<p>M\u00e4ls\u00e5kers slott M\u00e4ls\u00e5kers slott \u00e4r ett av Sveriges vackraste barockslott bel\u00e4get p\u00e5 Sela\u00f6n, M\u00e4larens st\u00f6rsta \u00f6. L\u00e4s mer h\u00e4r. Faciliteter Det g\u00e5r att best\u00e4lla en picknick med matig sallad och godsaker. F\u00f6reningen M\u00e4ls\u00e5kers Framtid komponerar och lagar matiga sallader och du kan v\u00e4lja mellan varmr\u00f6kt lax, kyckling eller halloumi tillsammans med bulgur och gr\u00f6nsaker, sm\u00f6r [&hellip;]<\/p>\n","protected":false},"author":2,"featured_media":0,"parent":0,"menu_order":0,"comment_status":"closed","ping_status":"closed","template":"","meta":{"footnotes":""},"class_list":["post-1728","page","type-page","status-publish","hentry"],"_links":{"self":[{"href":"https:\/\/wp.ejdern.org\/en\/wp-json\/wp\/v2\/pages\/1728","targetHints":{"allow":["GET"]}}],"collection":[{"href":"https:\/\/wp.ejdern.org\/en\/wp-json\/wp\/v2\/pages"}],"about":[{"href":"https:\/\/wp.ejdern.org\/en\/wp-json\/wp\/v2\/types\/page"}],"author":[{"embeddable":true,"href":"https:\/\/wp.ejdern.org\/en\/wp-json\/wp\/v2\/users\/2"}],"replies":[{"embeddable":true,"href":"https:\/\/wp.ejdern.org\/en\/wp-json\/wp\/v2\/comments?post=1728"}],"version-history":[{"count":91,"href":"https:\/\/wp.ejdern.org\/en\/wp-json\/wp\/v2\/pages\/1728\/revisions"}],"predecessor-version":[{"id":3109,"href":"https:\/\/wp.ejdern.org\/en\/wp-json\/wp\/v2\/pages\/1728\/revisions\/3109"}],"wp:attachment":[{"href":"https:\/\/wp.ejdern.org\/en\/wp-json\/wp\/v2\/media?parent=1728"}],"curies":[{"name":"wp","href":"https:\/\/api.w.org\/{rel}","templated":true}]}}