{"id":2187,"date":"2021-07-11T10:48:57","date_gmt":"2021-07-11T09:48:57","guid":{"rendered":"https:\/\/wp.ejdern.org\/?page_id=2187"},"modified":"2021-07-30T09:35:06","modified_gmt":"2021-07-30T08:35:06","slug":"under-stockholms-broar","status":"publish","type":"page","link":"https:\/\/wp.ejdern.org\/en\/under-stockholms-broar\/","title":{"rendered":"Under Stockholm's bridges"},"content":{"rendered":"<div data-elementor-type=\"wp-page\" data-elementor-id=\"2187\" class=\"elementor elementor-2187\" data-elementor-post-type=\"page\">\n\t\t\t\t\t\t<section class=\"elementor-section elementor-top-section elementor-element elementor-element-2c0f21bd elementor-section-boxed elementor-section-height-default elementor-section-height-default\" data-id=\"2c0f21bd\" data-element_type=\"section\" data-e-type=\"section\">\n\t\t\t\t\t\t<div class=\"elementor-container elementor-column-gap-default\">\n\t\t\t\t\t<div class=\"elementor-column elementor-col-50 elementor-top-column elementor-element elementor-element-3fe67ab2\" data-id=\"3fe67ab2\" data-element_type=\"column\" data-e-type=\"column\">\n\t\t\t<div class=\"elementor-widget-wrap elementor-element-populated\">\n\t\t\t\t\t\t<div class=\"elementor-element elementor-element-56fd8260 elementor-widget elementor-widget-heading\" data-id=\"56fd8260\" data-element_type=\"widget\" data-e-type=\"widget\" data-widget_type=\"heading.default\">\n\t\t\t\t<div class=\"elementor-widget-container\">\n\t\t\t\t\t<h2 class=\"elementor-heading-title elementor-size-default\">Under Stockholm's bridges 27\/8<\/h2>\t\t\t\t<\/div>\n\t\t\t\t<\/div>\n\t\t\t\t<div class=\"elementor-element elementor-element-634e8c18 elementor-widget elementor-widget-text-editor\" data-id=\"634e8c18\" data-element_type=\"widget\" data-e-type=\"widget\" data-widget_type=\"text-editor.default\">\n\t\t\t\t<div class=\"elementor-widget-container\">\n\t\t\t\t\t\t\t\t\t<p>On this trip, you can choose whether you just want to go from S\u00f6dert\u00e4lje to Stockholm ToR, combine it with the tour of Stockholm or just take the tour of Stockholm.<\/p><p><a href=\"https:\/\/secure.tickster.com\/2uybc7b8zt18h74\">Here<\/a> you can find tickets.<\/p><p>We will be back in S\u00f6dert\u00e4lje around 18:00<\/p>\t\t\t\t\t\t\t\t<\/div>\n\t\t\t\t<\/div>\n\t\t\t\t<div class=\"elementor-element elementor-element-2585af4b elementor-widget elementor-widget-heading\" data-id=\"2585af4b\" data-element_type=\"widget\" data-e-type=\"widget\" data-widget_type=\"heading.default\">\n\t\t\t\t<div class=\"elementor-widget-container\">\n\t\t\t\t\t<h2 class=\"elementor-heading-title elementor-size-default\">Timetable S\u00f6dert\u00e4lje Riddarholmen<\/h2>\t\t\t\t<\/div>\n\t\t\t\t<\/div>\n\t\t\t\t<section class=\"elementor-section elementor-inner-section elementor-element elementor-element-58cd164c elementor-hidden-phone elementor-section-boxed elementor-section-height-default elementor-section-height-default\" data-id=\"58cd164c\" data-element_type=\"section\" data-e-type=\"section\">\n\t\t\t\t\t\t<div class=\"elementor-container elementor-column-gap-default\">\n\t\t\t\t\t<div class=\"elementor-column elementor-col-33 elementor-inner-column elementor-element elementor-element-cf878af\" data-id=\"cf878af\" data-element_type=\"column\" data-e-type=\"column\">\n\t\t\t<div class=\"elementor-widget-wrap elementor-element-populated\">\n\t\t\t\t\t\t<div class=\"elementor-element elementor-element-44b9d513 elementor-widget elementor-widget-text-editor\" data-id=\"44b9d513\" data-element_type=\"widget\" data-e-type=\"widget\" data-widget_type=\"text-editor.default\">\n\t\t\t\t<div class=\"elementor-widget-container\">\n\t\t\t\t\t\t\t\t\t<p>08:45<br \/>09:05<br \/>11:45<\/p>\t\t\t\t\t\t\t\t<\/div>\n\t\t\t\t<\/div>\n\t\t\t\t\t<\/div>\n\t\t<\/div>\n\t\t\t\t<div class=\"elementor-column elementor-col-33 elementor-inner-column elementor-element elementor-element-1cd3f337\" data-id=\"1cd3f337\" data-element_type=\"column\" data-e-type=\"column\">\n\t\t\t<div class=\"elementor-widget-wrap elementor-element-populated\">\n\t\t\t\t\t\t<div class=\"elementor-element elementor-element-3e7927ee elementor-widget elementor-widget-text-editor\" data-id=\"3e7927ee\" data-element_type=\"widget\" data-e-type=\"widget\" data-widget_type=\"text-editor.default\">\n\t\t\t\t<div class=\"elementor-widget-container\">\n\t\t\t\t\t\t\t\t\t<p>Borgm\u00e4starudden<br \/>M\u00e4larehamnen<br \/>Riddarholmen<\/p>\t\t\t\t\t\t\t\t<\/div>\n\t\t\t\t<\/div>\n\t\t\t\t\t<\/div>\n\t\t<\/div>\n\t\t\t\t<div class=\"elementor-column elementor-col-33 elementor-inner-column elementor-element elementor-element-3ce17271\" data-id=\"3ce17271\" data-element_type=\"column\" data-e-type=\"column\">\n\t\t\t<div class=\"elementor-widget-wrap elementor-element-populated\">\n\t\t\t\t\t\t<div class=\"elementor-element elementor-element-e9c83e0 elementor-widget elementor-widget-text-editor\" data-id=\"e9c83e0\" data-element_type=\"widget\" data-e-type=\"widget\" data-widget_type=\"text-editor.default\">\n\t\t\t\t<div class=\"elementor-widget-container\">\n\t\t\t\t\t\t\t\t\t<p>18:00<br \/>17:40<br \/>15:00<\/p>\t\t\t\t\t\t\t\t<\/div>\n\t\t\t\t<\/div>\n\t\t\t\t\t<\/div>\n\t\t<\/div>\n\t\t\t\t\t<\/div>\n\t\t<\/section>\n\t\t\t\t<div class=\"elementor-element elementor-element-25fddd3a elementor-hidden-desktop elementor-hidden-tablet elementor-widget elementor-widget-text-editor\" data-id=\"25fddd3a\" data-element_type=\"widget\" data-e-type=\"widget\" data-widget_type=\"text-editor.default\">\n\t\t\t\t<div class=\"elementor-widget-container\">\n\t\t\t\t\t\t\t\t\t<p>08:45 - Mayor's Lodge - 18:00<br \/>09:05 - <span style=\"text-align: start;\">M\u00e4larehamnen - 17:40<\/span><br \/>11:45 - Riddarholmen - 15:00<\/p>\t\t\t\t\t\t\t\t<\/div>\n\t\t\t\t<\/div>\n\t\t\t\t<div class=\"elementor-element elementor-element-917c154 elementor-widget elementor-widget-spacer\" data-id=\"917c154\" data-element_type=\"widget\" data-e-type=\"widget\" data-widget_type=\"spacer.default\">\n\t\t\t\t<div class=\"elementor-widget-container\">\n\t\t\t\t\t\t\t<div class=\"elementor-spacer\">\n\t\t\t<div class=\"elementor-spacer-inner\"><\/div>\n\t\t<\/div>\n\t\t\t\t\t\t<\/div>\n\t\t\t\t<\/div>\n\t\t\t\t<div class=\"elementor-element elementor-element-ada3f90 elementor-widget elementor-widget-heading\" data-id=\"ada3f90\" data-element_type=\"widget\" data-e-type=\"widget\" data-widget_type=\"heading.default\">\n\t\t\t\t<div class=\"elementor-widget-container\">\n\t\t\t\t\t<h2 class=\"elementor-heading-title elementor-size-default\">Tour under the bridges<\/h2>\t\t\t\t<\/div>\n\t\t\t\t<\/div>\n\t\t\t\t<div class=\"elementor-element elementor-element-e47044d elementor-widget elementor-widget-text-editor\" data-id=\"e47044d\" data-element_type=\"widget\" data-e-type=\"widget\" data-widget_type=\"text-editor.default\">\n\t\t\t\t<div class=\"elementor-widget-container\">\n\t\t\t\t\t\t\t\t\t<p>At 13:00 we depart from Riddarholmen, enter \u00c5rstaviken, lock into the salt lake through Hammarby lock. Then we chug in to the Royal Palace where we turn back towards Riddarholmen. The tour takes about two hours.<\/p>\t\t\t\t\t\t\t\t<\/div>\n\t\t\t\t<\/div>\n\t\t\t\t\t<\/div>\n\t\t<\/div>\n\t\t\t\t<div class=\"elementor-column elementor-col-50 elementor-top-column elementor-element elementor-element-6cdac41f\" data-id=\"6cdac41f\" data-element_type=\"column\" data-e-type=\"column\">\n\t\t\t<div class=\"elementor-widget-wrap elementor-element-populated\">\n\t\t\t\t\t\t<div class=\"elementor-element elementor-element-2d3a8ce elementor-widget elementor-widget-image\" data-id=\"2d3a8ce\" data-element_type=\"widget\" data-e-type=\"widget\" data-widget_type=\"image.default\">\n\t\t\t\t<div class=\"elementor-widget-container\">\n\t\t\t\t\t\t\t\t\t\t\t\t\t\t\t<img fetchpriority=\"high\" decoding=\"async\" width=\"713\" height=\"1024\" src=\"https:\/\/wp.ejdern.org\/wp-content\/uploads\/2021\/05\/Riddarholmen-scaled-e1620212679517-713x1024.jpg\" class=\"attachment-large size-large wp-image-1479\" alt=\"\" srcset=\"https:\/\/wp.ejdern.org\/wp-content\/uploads\/2021\/05\/Riddarholmen-scaled-e1620212679517-713x1024.jpg 713w, https:\/\/wp.ejdern.org\/wp-content\/uploads\/2021\/05\/Riddarholmen-scaled-e1620212679517-209x300.jpg 209w, https:\/\/wp.ejdern.org\/wp-content\/uploads\/2021\/05\/Riddarholmen-scaled-e1620212679517-768x1102.jpg 768w, https:\/\/wp.ejdern.org\/wp-content\/uploads\/2021\/05\/Riddarholmen-scaled-e1620212679517-1070x1536.jpg 1070w, https:\/\/wp.ejdern.org\/wp-content\/uploads\/2021\/05\/Riddarholmen-scaled-e1620212679517-1427x2048.jpg 1427w, https:\/\/wp.ejdern.org\/wp-content\/uploads\/2021\/05\/Riddarholmen-scaled-e1620212679517-8x12.jpg 8w, https:\/\/wp.ejdern.org\/wp-content\/uploads\/2021\/05\/Riddarholmen-scaled-e1620212679517.jpg 1440w\" sizes=\"(max-width: 713px) 100vw, 713px\" \/>\t\t\t\t\t\t\t\t\t\t\t\t\t\t\t<\/div>\n\t\t\t\t<\/div>\n\t\t\t\t\t<\/div>\n\t\t<\/div>\n\t\t\t\t\t<\/div>\n\t\t<\/section>\n\t\t\t\t<\/div>","protected":false},"excerpt":{"rendered":"<p>Under Stockholms broar 27\/8 P\u00e5 den h\u00e4r resan kan man v\u00e4lja om man bara vill \u00e5ka fr\u00e5n S\u00f6dert\u00e4lje till Stockholm ToR, kombinera med rundturen i Stockholm eller bara ta rundturen i Stockholm. H\u00e4r hittar du biljetter. Vi \u00e4r tillbaka i S\u00f6dert\u00e4lje cirka 18:00 Tidtabell S\u00f6dert\u00e4lje Riddarholmen 08:4509:0511:45 Borgm\u00e4staruddenM\u00e4larehamnenRiddarholmen 18:0017:4015:00 08:45 &#8211; Borgm\u00e4starudden &#8211; 18:0009:05 &#8211; [&hellip;]<\/p>\n","protected":false},"author":2,"featured_media":0,"parent":0,"menu_order":0,"comment_status":"closed","ping_status":"closed","template":"","meta":{"footnotes":""},"class_list":["post-2187","page","type-page","status-publish","hentry"],"_links":{"self":[{"href":"https:\/\/wp.ejdern.org\/en\/wp-json\/wp\/v2\/pages\/2187","targetHints":{"allow":["GET"]}}],"collection":[{"href":"https:\/\/wp.ejdern.org\/en\/wp-json\/wp\/v2\/pages"}],"about":[{"href":"https:\/\/wp.ejdern.org\/en\/wp-json\/wp\/v2\/types\/page"}],"author":[{"embeddable":true,"href":"https:\/\/wp.ejdern.org\/en\/wp-json\/wp\/v2\/users\/2"}],"replies":[{"embeddable":true,"href":"https:\/\/wp.ejdern.org\/en\/wp-json\/wp\/v2\/comments?post=2187"}],"version-history":[{"count":31,"href":"https:\/\/wp.ejdern.org\/en\/wp-json\/wp\/v2\/pages\/2187\/revisions"}],"predecessor-version":[{"id":2310,"href":"https:\/\/wp.ejdern.org\/en\/wp-json\/wp\/v2\/pages\/2187\/revisions\/2310"}],"wp:attachment":[{"href":"https:\/\/wp.ejdern.org\/en\/wp-json\/wp\/v2\/media?parent=2187"}],"curies":[{"name":"wp","href":"https:\/\/api.w.org\/{rel}","templated":true}]}}