{"id":3487,"date":"2025-07-29T09:36:31","date_gmt":"2025-07-29T08:36:31","guid":{"rendered":"https:\/\/wp.ejdern.org\/?page_id=3487"},"modified":"2026-02-22T11:46:32","modified_gmt":"2026-02-22T10:46:32","slug":"under-sodertaljes-broar","status":"publish","type":"page","link":"https:\/\/wp.ejdern.org\/en\/resmal\/under-sodertaljes-broar\/","title":{"rendered":"Under the bridges of S\u00f6dert\u00e4lje"},"content":{"rendered":"<div data-elementor-type=\"wp-page\" data-elementor-id=\"3487\" class=\"elementor elementor-3487\" data-elementor-post-type=\"page\">\n\t\t\t\t\t\t<section class=\"elementor-section elementor-top-section elementor-element elementor-element-db2b33e elementor-section-boxed elementor-section-height-default elementor-section-height-default\" data-id=\"db2b33e\" data-element_type=\"section\" data-e-type=\"section\">\n\t\t\t\t\t\t<div class=\"elementor-container elementor-column-gap-default\">\n\t\t\t\t\t<div class=\"elementor-column elementor-col-100 elementor-top-column elementor-element elementor-element-464c699\" data-id=\"464c699\" data-element_type=\"column\" data-e-type=\"column\">\n\t\t\t<div class=\"elementor-widget-wrap elementor-element-populated\">\n\t\t\t\t\t\t<div class=\"elementor-element elementor-element-86067bf elementor-widget elementor-widget-heading\" data-id=\"86067bf\" data-element_type=\"widget\" data-e-type=\"widget\" data-widget_type=\"heading.default\">\n\t\t\t\t<div class=\"elementor-widget-container\">\n\t\t\t\t\t<h2 class=\"elementor-heading-title elementor-size-default\"><b><span style=\"font-size:24.0pt;line-height:107%;,sans-serif;color:#00B0F0\">Under the bridges of S\u00f6dert\u00e4lje<\/span><span style=\"font-size:18.0pt;line-height:107%;,sans-serif;color:#00B0F0\"> <\/span><\/b><\/h2>\t\t\t\t<\/div>\n\t\t\t\t<\/div>\n\t\t\t\t\t<\/div>\n\t\t<\/div>\n\t\t\t\t\t<\/div>\n\t\t<\/section>\n\t\t\t\t<section class=\"elementor-section elementor-top-section elementor-element elementor-element-0bfb9f3 elementor-section-boxed elementor-section-height-default elementor-section-height-default\" data-id=\"0bfb9f3\" data-element_type=\"section\" data-e-type=\"section\">\n\t\t\t\t\t\t<div class=\"elementor-container elementor-column-gap-default\">\n\t\t\t\t\t<div class=\"elementor-column elementor-col-100 elementor-top-column elementor-element elementor-element-9b09304\" data-id=\"9b09304\" data-element_type=\"column\" data-e-type=\"column\">\n\t\t\t<div class=\"elementor-widget-wrap elementor-element-populated\">\n\t\t\t\t\t\t<div class=\"elementor-element elementor-element-681b305 elementor-widget elementor-widget-text-editor\" data-id=\"681b305\" data-element_type=\"widget\" data-e-type=\"widget\" data-widget_type=\"text-editor.default\">\n\t\t\t\t<div class=\"elementor-widget-container\">\n\t\t\t\t\t\t\t\t\t<p>The tour starts at 10:00 at Borgm\u00e4starudden and goes south down to Halls holme. There we turn and lock up to Lake M\u00e4laren and go up to St\u00f6rvik islet. <u>The journey ends in M\u00e4larhamnen<\/u> around 12:30. During the journey we pass all the bridges of S\u00f6dert\u00e4lje. In the afternoon the journey is repeated but in the other direction with <u>start in<\/u> M\u00e4larhamnen 14:00 and ends at Borgm\u00e4starudden around 16:30.<\/p><p>The time of completion is a bit uncertain due to the ongoing works in the canal and the lock.<\/p><p><a href=\"https:\/\/secure.tickster.com\/sv\/6tfnpm1rb2g9vva\/products\">Here you can<\/a> you book a ticket for the morning<\/p><p><a href=\"https:\/\/secure.tickster.com\/sv\/fa8lpj74yrgzjpp\/products\">Here you can<\/a> you book a ticket for the Afternoon<\/p>\t\t\t\t\t\t\t\t<\/div>\n\t\t\t\t<\/div>\n\t\t\t\t\t<\/div>\n\t\t<\/div>\n\t\t\t\t\t<\/div>\n\t\t<\/section>\n\t\t\t\t<section class=\"elementor-section elementor-top-section elementor-element elementor-element-4dae276 elementor-section-boxed elementor-section-height-default elementor-section-height-default\" data-id=\"4dae276\" data-element_type=\"section\" data-e-type=\"section\">\n\t\t\t\t\t\t<div class=\"elementor-container elementor-column-gap-default\">\n\t\t\t\t\t<div class=\"elementor-column elementor-col-100 elementor-top-column elementor-element elementor-element-82780a5\" data-id=\"82780a5\" data-element_type=\"column\" data-e-type=\"column\">\n\t\t\t<div class=\"elementor-widget-wrap elementor-element-populated\">\n\t\t\t\t\t\t<div class=\"elementor-element elementor-element-f1b0045 elementor-widget elementor-widget-image\" data-id=\"f1b0045\" data-element_type=\"widget\" data-e-type=\"widget\" data-widget_type=\"image.default\">\n\t\t\t\t<div class=\"elementor-widget-container\">\n\t\t\t\t\t\t\t\t\t\t\t\t\t\t\t<img fetchpriority=\"high\" decoding=\"async\" width=\"800\" height=\"680\" src=\"https:\/\/wp.ejdern.org\/wp-content\/uploads\/2025\/07\/bro-1024x871.jpg\" class=\"attachment-large size-large wp-image-3489\" alt=\"\" srcset=\"https:\/\/wp.ejdern.org\/wp-content\/uploads\/2025\/07\/bro-1024x871.jpg 1024w, https:\/\/wp.ejdern.org\/wp-content\/uploads\/2025\/07\/bro-300x255.jpg 300w, https:\/\/wp.ejdern.org\/wp-content\/uploads\/2025\/07\/bro-768x653.jpg 768w, https:\/\/wp.ejdern.org\/wp-content\/uploads\/2025\/07\/bro-1536x1306.jpg 1536w, https:\/\/wp.ejdern.org\/wp-content\/uploads\/2025\/07\/bro-14x12.jpg 14w, https:\/\/wp.ejdern.org\/wp-content\/uploads\/2025\/07\/bro.jpg 2021w\" sizes=\"(max-width: 800px) 100vw, 800px\" \/>\t\t\t\t\t\t\t\t\t\t\t\t\t\t\t<\/div>\n\t\t\t\t<\/div>\n\t\t\t\t\t<\/div>\n\t\t<\/div>\n\t\t\t\t\t<\/div>\n\t\t<\/section>\n\t\t\t\t<\/div>","protected":false},"excerpt":{"rendered":"<p>Under S\u00f6dert\u00e4ljes broar Turen startar 10:00 vid Borgm\u00e4starudden och g\u00e5r s\u00f6derut ner till Halls holme. D\u00e4r v\u00e4nder vi och slussar upp till M\u00e4laren och g\u00e5r upp till St\u00f6rviks holme. Resan avslutas i M\u00e4larhamnen c:a 12:30. Under resan passerar vi alla S\u00f6dert\u00e4ljes broar. P\u00e5 eftermiddagen upprepas resan fast \u00e5t andra h\u00e5llet med start i M\u00e4larhamnen 14:00 [&hellip;]<\/p>\n","protected":false},"author":4,"featured_media":0,"parent":1797,"menu_order":0,"comment_status":"closed","ping_status":"closed","template":"","meta":{"footnotes":""},"class_list":["post-3487","page","type-page","status-publish","hentry"],"_links":{"self":[{"href":"https:\/\/wp.ejdern.org\/en\/wp-json\/wp\/v2\/pages\/3487","targetHints":{"allow":["GET"]}}],"collection":[{"href":"https:\/\/wp.ejdern.org\/en\/wp-json\/wp\/v2\/pages"}],"about":[{"href":"https:\/\/wp.ejdern.org\/en\/wp-json\/wp\/v2\/types\/page"}],"author":[{"embeddable":true,"href":"https:\/\/wp.ejdern.org\/en\/wp-json\/wp\/v2\/users\/4"}],"replies":[{"embeddable":true,"href":"https:\/\/wp.ejdern.org\/en\/wp-json\/wp\/v2\/comments?post=3487"}],"version-history":[{"count":10,"href":"https:\/\/wp.ejdern.org\/en\/wp-json\/wp\/v2\/pages\/3487\/revisions"}],"predecessor-version":[{"id":3611,"href":"https:\/\/wp.ejdern.org\/en\/wp-json\/wp\/v2\/pages\/3487\/revisions\/3611"}],"up":[{"embeddable":true,"href":"https:\/\/wp.ejdern.org\/en\/wp-json\/wp\/v2\/pages\/1797"}],"wp:attachment":[{"href":"https:\/\/wp.ejdern.org\/en\/wp-json\/wp\/v2\/media?parent=3487"}],"curies":[{"name":"wp","href":"https:\/\/api.w.org\/{rel}","templated":true}]}}