{"id":3527,"date":"2026-02-20T17:12:40","date_gmt":"2026-02-20T16:12:40","guid":{"rendered":"https:\/\/wp.ejdern.org\/?page_id=3527"},"modified":"2026-02-22T10:38:51","modified_gmt":"2026-02-22T09:38:51","slug":"elementor-sida-3527","status":"publish","type":"page","link":"https:\/\/wp.ejdern.org\/en\/elementor-sida-3527\/","title":{"rendered":"Proposals Annual General Meeting 2026"},"content":{"rendered":"<div data-elementor-type=\"wp-page\" data-elementor-id=\"3527\" class=\"elementor elementor-3527\" data-elementor-post-type=\"page\">\n\t\t\t\t\t\t<section class=\"elementor-section elementor-top-section elementor-element elementor-element-975a0fd elementor-section-boxed elementor-section-height-default elementor-section-height-default\" data-id=\"975a0fd\" data-element_type=\"section\" data-e-type=\"section\">\n\t\t\t\t\t\t<div class=\"elementor-container elementor-column-gap-default\">\n\t\t\t\t\t<div class=\"elementor-column elementor-col-100 elementor-top-column elementor-element elementor-element-5d34655\" data-id=\"5d34655\" data-element_type=\"column\" data-e-type=\"column\">\n\t\t\t<div class=\"elementor-widget-wrap elementor-element-populated\">\n\t\t\t\t\t\t<div class=\"elementor-element elementor-element-073f9f6 elementor-widget elementor-widget-text-editor\" data-id=\"073f9f6\" data-element_type=\"widget\" data-e-type=\"widget\" data-widget_type=\"text-editor.default\">\n\t\t\t\t<div class=\"elementor-widget-container\">\n\t\t\t\t\t\t\t\t\t<h2>Proposals for the annual meeting 2026-03-27<\/h2>\n<p>After the association ended up in a random check without S\u00f6dert\u00e4lje municipality regarding associations that apply for grants, proposals have been made for new statutes in order to continue to be able to apply for grants from the municipality.<\/p>\n<p>See more information below and in the following linked documents:<\/p>\n<p><a href=\"https:\/\/wp.ejdern.org\/wp-content\/uploads\/2026\/02\/Propositioner-Arsmote-Ejdern-2026.pdf\">Proposals Annual General Meeting Ejdern 2026&nbsp;<\/a><\/p>\n<p><a href=\"https:\/\/wp.ejdern.org\/wp-content\/uploads\/2026\/02\/Forslag-1-uppdaterade-stadgar-Ejdern_Ulf-Fransberg_20260217.pdf\">Proposal 1 updated statutes Ejdern_Ulf Fransberg_20260217<\/a><\/p>\n<p><a href=\"https:\/\/wp.ejdern.org\/wp-content\/uploads\/2026\/02\/Forslag-2-uppdaterade-stadgar-Ejdern_Ulf-Fransberg_20260217.pdf\">Proposal 2 updated statutes Ejdern_Ulf Fransberg_20260217<\/a><\/p>\n<p><a href=\"https:\/\/wp.ejdern.org\/wp-content\/uploads\/2026\/02\/Ejderns-stadgar.pdf\">Original Statutes from the 70s<\/a><\/p>\t\t\t\t\t\t\t\t<\/div>\n\t\t\t\t<\/div>\n\t\t\t\t\t<\/div>\n\t\t<\/div>\n\t\t\t\t\t<\/div>\n\t\t<\/section>\n\t\t\t\t<section class=\"elementor-section elementor-top-section elementor-element elementor-element-6a0a731 elementor-section-boxed elementor-section-height-default elementor-section-height-default\" data-id=\"6a0a731\" data-element_type=\"section\" data-e-type=\"section\">\n\t\t\t\t\t\t<div class=\"elementor-container elementor-column-gap-default\">\n\t\t\t\t\t<div class=\"elementor-column elementor-col-100 elementor-top-column elementor-element elementor-element-fe45f10\" data-id=\"fe45f10\" data-element_type=\"column\" data-e-type=\"column\">\n\t\t\t<div class=\"elementor-widget-wrap elementor-element-populated\">\n\t\t\t\t\t\t<div class=\"elementor-element elementor-element-9020930 elementor-widget elementor-widget-text-editor\" data-id=\"9020930\" data-element_type=\"widget\" data-e-type=\"widget\" data-widget_type=\"text-editor.default\">\n\t\t\t\t<div class=\"elementor-widget-container\">\n\t\t\t\t\t\t\t\t\t<h4 style=\"font-weight: 400;\"><strong>Proposition 1: Revision of the statutes of the museum association \u00c5ngfartyget Ejdern.<\/strong><\/h4><p style=\"font-weight: 400;\">In connection with a spot check by S\u00f6dert\u00e4lje municipality regarding associations applying for municipal grants, it emerged that the municipality has new directives regarding an association's statutes. From 2025, associations applying for grants must have a certain level of content and modernisation in their statutes. The existing statutes date from the 1970s and were considered by the municipality to be in need of updating and some additions, such as clarifications regarding the interpretation of decisions, withdrawal, etc.<\/p><p style=\"font-weight: 400;\">Objective: to update the statutes to a level accepted by the municipality without major changes or altered language.<\/p><p style=\"font-weight: 400;\">Proposal: A proposal for revision of the association's statutes in accordance with the wishes of S\u00f6dert\u00e4lje Municipality has been developed. In meetings with representatives from the municipality, this proposal has been considered to comply with their requirements for associations that intend to apply for grants from the municipality.<\/p><p style=\"font-weight: 400;\">Main points:<br \/>- Update of Traffic purposes<br \/>- Clarification under Membership regarding the handling of personal data, GDPR, Discrimination and children's rights.<br \/>- Clarification regarding Withdrawal, Signature and Finance<br \/>- Clarification regarding the Annual General Meeting and included agenda<br \/>- Clarification on Audit<br \/>- Supplement on Charter Interpretation<\/p><h4><strong>Proposal 2: Change of membership categories.<\/strong><\/h4><p style=\"font-weight: 400;\">In discussions with S\u00f6dert\u00e4lje municipality about what requirements the municipality sets in order to be able to apply for and receive grants, from 2025 associations must have at least 50% of their members living in the municipality.<br \/>This is a problem for our organisation as we have many members in the country and abroad.<br \/>The municipality's requirements state that so-called. Supporting members are not included in this and we have also seen that other similar associations (for example F\u00f6reningen Sk\u00e4rg\u00e5rdsb\u00e5ten and F\u00f6reningen Minsveparen M 20).<\/p><p style=\"font-weight: 400;\">Thus, the proposal is that we change our membership forms to offer membership as Active Member (incl. family membership) and Supporting Member (financial support and organisations).<\/p><p style=\"font-weight: 400;\">To make this possible, we need to make a change to the Membership section of our statutes.<\/p><p style=\"font-weight: 400;\">Addition to paragraph 4 Membership.<br \/><span style=\"color: #ff0000;\"><em>The organisation has two membership categories: Active Members and Supporting Members.<br \/>Active members participate in the organisation's activities, have the right to vote at meetings and are eligible for election to positions of trust.<br \/>Supporting members, including members who are legal persons, support the association's activities financially or ideally but do not have the right to vote and are not eligible for election to positions of trust. The Board of Directors decides on the adoption and possible change of membership category.<br \/>The amount of the membership fee for each category of membership is determined by the annual general meeting. Membership fees are payable per calendar year.<\/em><\/span><\/p>\t\t\t\t\t\t\t\t<\/div>\n\t\t\t\t<\/div>\n\t\t\t\t\t<\/div>\n\t\t<\/div>\n\t\t\t\t\t<\/div>\n\t\t<\/section>\n\t\t\t\t<\/div>","protected":false},"excerpt":{"rendered":"<p>Propositioner till \u00e5rsm\u00f6tet 2026-03-27 Efter att f\u00f6reningen hamnat i en stickprovs-kontroll utan S\u00f6dert\u00e4lje kommun g\u00e4llande f\u00f6reningar som s\u00f6ker bidrag har det tagits fram f\u00f6rslag p\u00e5 nya stadgar i syfte att forts\u00e4tta kunna ans\u00f6ka om bidrag fr\u00e5n kommunen. Se mer information nedan samt i f\u00f6ljande l\u00e4nkade dokument: Propositioner \u00c5rsm\u00f6te Ejdern 2026&nbsp; F\u00f6rslag 1 uppdaterade stadgar Ejdern_Ulf [&hellip;]<\/p>\n","protected":false},"author":6,"featured_media":0,"parent":0,"menu_order":0,"comment_status":"closed","ping_status":"closed","template":"","meta":{"footnotes":""},"class_list":["post-3527","page","type-page","status-publish","hentry"],"_links":{"self":[{"href":"https:\/\/wp.ejdern.org\/en\/wp-json\/wp\/v2\/pages\/3527","targetHints":{"allow":["GET"]}}],"collection":[{"href":"https:\/\/wp.ejdern.org\/en\/wp-json\/wp\/v2\/pages"}],"about":[{"href":"https:\/\/wp.ejdern.org\/en\/wp-json\/wp\/v2\/types\/page"}],"author":[{"embeddable":true,"href":"https:\/\/wp.ejdern.org\/en\/wp-json\/wp\/v2\/users\/6"}],"replies":[{"embeddable":true,"href":"https:\/\/wp.ejdern.org\/en\/wp-json\/wp\/v2\/comments?post=3527"}],"version-history":[{"count":17,"href":"https:\/\/wp.ejdern.org\/en\/wp-json\/wp\/v2\/pages\/3527\/revisions"}],"predecessor-version":[{"id":3571,"href":"https:\/\/wp.ejdern.org\/en\/wp-json\/wp\/v2\/pages\/3527\/revisions\/3571"}],"wp:attachment":[{"href":"https:\/\/wp.ejdern.org\/en\/wp-json\/wp\/v2\/media?parent=3527"}],"curies":[{"name":"wp","href":"https:\/\/api.w.org\/{rel}","templated":true}]}}