{"id":441,"date":"2021-02-21T09:12:07","date_gmt":"2021-02-21T08:12:07","guid":{"rendered":"http:\/\/wp.ejdern.org\/?page_id=441"},"modified":"2024-04-03T12:51:53","modified_gmt":"2024-04-03T11:51:53","slug":"birka","status":"publish","type":"page","link":"https:\/\/wp.ejdern.org\/en\/birka\/","title":{"rendered":"Birka"},"content":{"rendered":"<div data-elementor-type=\"wp-page\" data-elementor-id=\"441\" class=\"elementor elementor-441\" data-elementor-post-type=\"page\">\n\t\t\t\t\t\t<section class=\"elementor-section elementor-top-section elementor-element elementor-element-b2c0d43 elementor-section-boxed elementor-section-height-default elementor-section-height-default\" data-id=\"b2c0d43\" data-element_type=\"section\" data-e-type=\"section\">\n\t\t\t\t\t\t<div class=\"elementor-container elementor-column-gap-default\">\n\t\t\t\t\t<div class=\"elementor-column elementor-col-100 elementor-top-column elementor-element elementor-element-8142261\" data-id=\"8142261\" data-element_type=\"column\" data-e-type=\"column\">\n\t\t\t<div class=\"elementor-widget-wrap elementor-element-populated\">\n\t\t\t\t\t\t<div class=\"elementor-element elementor-element-63d79aa elementor-widget elementor-widget-heading\" data-id=\"63d79aa\" data-element_type=\"widget\" data-e-type=\"widget\" data-widget_type=\"heading.default\">\n\t\t\t\t<div class=\"elementor-widget-container\">\n\t\t\t\t\t<h2 class=\"elementor-heading-title elementor-size-default\">Birka<\/h2>\t\t\t\t<\/div>\n\t\t\t\t<\/div>\n\t\t\t\t\t<\/div>\n\t\t<\/div>\n\t\t\t\t\t<\/div>\n\t\t<\/section>\n\t\t\t\t<section class=\"elementor-section elementor-top-section elementor-element elementor-element-e1a03c4 elementor-section-boxed elementor-section-height-default elementor-section-height-default\" data-id=\"e1a03c4\" data-element_type=\"section\" data-e-type=\"section\">\n\t\t\t\t\t\t<div class=\"elementor-container elementor-column-gap-default\">\n\t\t\t\t\t<div class=\"elementor-column elementor-col-50 elementor-top-column elementor-element elementor-element-b99ebc7\" data-id=\"b99ebc7\" data-element_type=\"column\" data-e-type=\"column\">\n\t\t\t<div class=\"elementor-widget-wrap elementor-element-populated\">\n\t\t\t\t\t\t<div class=\"elementor-element elementor-element-8e5af97 elementor-widget elementor-widget-text-editor\" data-id=\"8e5af97\" data-element_type=\"widget\" data-e-type=\"widget\" data-widget_type=\"text-editor.default\">\n\t\t\t\t<div class=\"elementor-widget-container\">\n\t\t\t\t\t\t\t\t\t<p>Birka on Bj\u00f6rk\u00f6 is an ancient monument and nature reserve with a rich and distinctive flora, an &quot;eldorado&quot; for everyone who is interested in antiquity and beautiful nature. Birka is considered to be Sweden&#039;s first city which for a time was Sweden&#039;s trade center and the Viking capital.<br \/>When we dock at Bj\u00f6rk\u00f6, take a walk up to the museum. There the guided tours around the island begin. We visit the summer events, hike up the lookout hill and continue along the old castle ramparts. The walk ends with a visit to the island's renowned Viking Museum. The price of the trip also includes a visit to the beautiful museum, which opened in the summer of 1996 and shows, among other things, how the inhabitants of Birka lived in the 8th century.<\/p>\t\t\t\t\t\t\t\t<\/div>\n\t\t\t\t<\/div>\n\t\t\t\t<div class=\"elementor-element elementor-element-0724ba2 elementor-widget elementor-widget-heading\" data-id=\"0724ba2\" data-element_type=\"widget\" data-e-type=\"widget\" data-widget_type=\"heading.default\">\n\t\t\t\t<div class=\"elementor-widget-container\">\n\t\t\t\t\t<h2 class=\"elementor-heading-title elementor-size-default\">Facilities<\/h2>\t\t\t\t<\/div>\n\t\t\t\t<\/div>\n\t\t\t\t<div class=\"elementor-element elementor-element-99e9383 elementor-widget elementor-widget-text-editor\" data-id=\"99e9383\" data-element_type=\"widget\" data-e-type=\"widget\" data-widget_type=\"text-editor.default\">\n\t\t\t\t<div class=\"elementor-widget-container\">\n\t\t\t\t\t\t\t\t\t<p>At Birka there is a restaurant, caf\u00e9, toilets, bathing area, a museum and much more that you can read about on their own website. <a href=\"https:\/\/www.birkavikingastaden.se\/\" target=\"_blank\" rel=\"noopener\">Birka Vikingastaden on Bj\u00f6rk\u00f6 in Lake M\u00e4laren - Stockholm<\/a><\/p>\t\t\t\t\t\t\t\t<\/div>\n\t\t\t\t<\/div>\n\t\t\t\t<div class=\"elementor-element elementor-element-4be6c4c elementor-widget elementor-widget-heading\" data-id=\"4be6c4c\" data-element_type=\"widget\" data-e-type=\"widget\" data-widget_type=\"heading.default\">\n\t\t\t\t<div class=\"elementor-widget-container\">\n\t\t\t\t\t<h2 class=\"elementor-heading-title elementor-size-default\">Schedule<\/h2>\t\t\t\t<\/div>\n\t\t\t\t<\/div>\n\t\t\t\t<section class=\"elementor-section elementor-inner-section elementor-element elementor-element-97d25a5 elementor-section-boxed elementor-section-height-default elementor-section-height-default\" data-id=\"97d25a5\" data-element_type=\"section\" data-e-type=\"section\">\n\t\t\t\t\t\t<div class=\"elementor-container elementor-column-gap-default\">\n\t\t\t\t\t<div class=\"elementor-column elementor-col-50 elementor-inner-column elementor-element elementor-element-d8f8dfe\" data-id=\"d8f8dfe\" data-element_type=\"column\" data-e-type=\"column\">\n\t\t\t<div class=\"elementor-widget-wrap elementor-element-populated\">\n\t\t\t\t\t\t<div class=\"elementor-element elementor-element-7d91e93 elementor-widget elementor-widget-text-editor\" data-id=\"7d91e93\" data-element_type=\"widget\" data-e-type=\"widget\" data-widget_type=\"text-editor.default\">\n\t\t\t\t<div class=\"elementor-widget-container\">\n\t\t\t\t\t\t\t\t\t<p>Borgm\u00e4starudden<br \/>M\u00e4larhamnen<br \/>Sandviken<br \/>Birka<br \/><span style=\"color: #00b0fb;\"><strong>Time to spend on Birka<br \/><\/strong><\/span>Birka<br \/>Sandviken<br \/>M\u00e4larhamnen\u00a0<br \/>The mayor's lodge \u00b9<span style=\"color: #00b0fb;\"><strong><br \/><\/strong><\/span><\/p>\t\t\t\t\t\t\t\t<\/div>\n\t\t\t\t<\/div>\n\t\t\t\t\t<\/div>\n\t\t<\/div>\n\t\t\t\t<div class=\"elementor-column elementor-col-50 elementor-inner-column elementor-element elementor-element-c3169b1\" data-id=\"c3169b1\" data-element_type=\"column\" data-e-type=\"column\">\n\t\t\t<div class=\"elementor-widget-wrap elementor-element-populated\">\n\t\t\t\t\t\t<div class=\"elementor-element elementor-element-9474fc4 elementor-widget elementor-widget-text-editor\" data-id=\"9474fc4\" data-element_type=\"widget\" data-e-type=\"widget\" data-widget_type=\"text-editor.default\">\n\t\t\t\t<div class=\"elementor-widget-container\">\n\t\t\t\t\t\t\t\t\t<p>09:45<br \/>10:05<br \/>10:50<br \/>11:30<br \/><span style=\"color: #00b0fb;\"><strong>3 hours 30 min<br \/><\/strong><\/span>15:00<br \/>15:40<br \/>16:25<br \/>16:45<\/p>\t\t\t\t\t\t\t\t<\/div>\n\t\t\t\t<\/div>\n\t\t\t\t\t<\/div>\n\t\t<\/div>\n\t\t\t\t\t<\/div>\n\t\t<\/section>\n\t\t\t\t<div class=\"elementor-element elementor-element-956db33 elementor-hidden-desktop elementor-hidden-tablet elementor-hidden-mobile elementor-widget elementor-widget-heading\" data-id=\"956db33\" data-element_type=\"widget\" data-e-type=\"widget\" data-widget_type=\"heading.default\">\n\t\t\t\t<div class=\"elementor-widget-container\">\n\t\t\t\t\t<h2 class=\"elementor-heading-title elementor-size-default\"><br>\nTimetable for the Wild Boar Guild<\/h2>\t\t\t\t<\/div>\n\t\t\t\t<\/div>\n\t\t\t\t<section class=\"elementor-section elementor-inner-section elementor-element elementor-element-f0050a9 elementor-hidden-desktop elementor-hidden-tablet elementor-hidden-mobile elementor-section-boxed elementor-section-height-default elementor-section-height-default\" data-id=\"f0050a9\" data-element_type=\"section\" data-e-type=\"section\">\n\t\t\t\t\t\t<div class=\"elementor-container elementor-column-gap-default\">\n\t\t\t\t\t<div class=\"elementor-column elementor-col-50 elementor-inner-column elementor-element elementor-element-106d8c7\" data-id=\"106d8c7\" data-element_type=\"column\" data-e-type=\"column\">\n\t\t\t<div class=\"elementor-widget-wrap elementor-element-populated\">\n\t\t\t\t\t\t<div class=\"elementor-element elementor-element-b1c00b8 elementor-widget elementor-widget-text-editor\" data-id=\"b1c00b8\" data-element_type=\"widget\" data-e-type=\"widget\" data-widget_type=\"text-editor.default\">\n\t\t\t\t<div class=\"elementor-widget-container\">\n\t\t\t\t\t\t\t\t\t<p>M\u00e4larhamnen<br \/>Sandviken<br \/>Birka<br \/><span style=\"color: #00b0fb;\"><strong>Time for the wild boar guild<br \/><\/strong><\/span>Birka<br \/>Sandviken<br \/>M\u00e4larhamnen<br \/>Borgm\u00e4starudden<span style=\"color: #00b0fb;\"><strong><br \/><\/strong><\/span><\/p>\t\t\t\t\t\t\t\t<\/div>\n\t\t\t\t<\/div>\n\t\t\t\t\t<\/div>\n\t\t<\/div>\n\t\t\t\t<div class=\"elementor-column elementor-col-50 elementor-inner-column elementor-element elementor-element-17fa630\" data-id=\"17fa630\" data-element_type=\"column\" data-e-type=\"column\">\n\t\t\t<div class=\"elementor-widget-wrap elementor-element-populated\">\n\t\t\t\t\t\t<div class=\"elementor-element elementor-element-3d13d13 elementor-widget elementor-widget-text-editor\" data-id=\"3d13d13\" data-element_type=\"widget\" data-e-type=\"widget\" data-widget_type=\"text-editor.default\">\n\t\t\t\t<div class=\"elementor-widget-container\">\n\t\t\t\t\t\t\t\t\t<p>17:30<br \/>18:15<br \/>18:45<br \/><span style=\"color: #00b0fb;\"><strong>2 hours 15 min<br \/><\/strong><\/span>21:00<br \/>21:30<br \/>22:15<br \/>22:45<\/p>\t\t\t\t\t\t\t\t<\/div>\n\t\t\t\t<\/div>\n\t\t\t\t\t<\/div>\n\t\t<\/div>\n\t\t\t\t\t<\/div>\n\t\t<\/section>\n\t\t\t\t\t<\/div>\n\t\t<\/div>\n\t\t\t\t<div class=\"elementor-column elementor-col-50 elementor-top-column elementor-element elementor-element-791a164\" data-id=\"791a164\" data-element_type=\"column\" data-e-type=\"column\">\n\t\t\t<div class=\"elementor-widget-wrap elementor-element-populated\">\n\t\t\t\t\t\t<div class=\"elementor-element elementor-element-7b6779a elementor-widget elementor-widget-image\" data-id=\"7b6779a\" data-element_type=\"widget\" data-e-type=\"widget\" data-widget_type=\"image.default\">\n\t\t\t\t<div class=\"elementor-widget-container\">\n\t\t\t\t\t\t\t\t\t\t\t\t\t\t\t<img fetchpriority=\"high\" decoding=\"async\" width=\"800\" height=\"600\" src=\"https:\/\/wp.ejdern.org\/wp-content\/uploads\/2021\/02\/2018-06-09-13.56.45-1-1024x768.jpg\" class=\"attachment-large size-large wp-image-497\" alt=\"\" srcset=\"https:\/\/wp.ejdern.org\/wp-content\/uploads\/2021\/02\/2018-06-09-13.56.45-1-1024x768.jpg 1024w, https:\/\/wp.ejdern.org\/wp-content\/uploads\/2021\/02\/2018-06-09-13.56.45-1-300x225.jpg 300w, https:\/\/wp.ejdern.org\/wp-content\/uploads\/2021\/02\/2018-06-09-13.56.45-1-768x576.jpg 768w, https:\/\/wp.ejdern.org\/wp-content\/uploads\/2021\/02\/2018-06-09-13.56.45-1-1536x1152.jpg 1536w, https:\/\/wp.ejdern.org\/wp-content\/uploads\/2021\/02\/2018-06-09-13.56.45-1-2048x1536.jpg 2048w, https:\/\/wp.ejdern.org\/wp-content\/uploads\/2021\/02\/2018-06-09-13.56.45-1-16x12.jpg 16w\" sizes=\"(max-width: 800px) 100vw, 800px\" \/>\t\t\t\t\t\t\t\t\t\t\t\t\t\t\t<\/div>\n\t\t\t\t<\/div>\n\t\t\t\t<div class=\"elementor-element elementor-element-9bd2bab elementor-widget elementor-widget-image\" data-id=\"9bd2bab\" data-element_type=\"widget\" data-e-type=\"widget\" data-widget_type=\"image.default\">\n\t\t\t\t<div class=\"elementor-widget-container\">\n\t\t\t\t\t\t\t\t\t\t\t\t\t\t\t<img decoding=\"async\" width=\"652\" height=\"367\" src=\"https:\/\/wp.ejdern.org\/wp-content\/uploads\/2021\/04\/Birka2.jpg\" class=\"attachment-large size-large wp-image-1299\" alt=\"\" srcset=\"https:\/\/wp.ejdern.org\/wp-content\/uploads\/2021\/04\/Birka2.jpg 652w, https:\/\/wp.ejdern.org\/wp-content\/uploads\/2021\/04\/Birka2-300x169.jpg 300w, https:\/\/wp.ejdern.org\/wp-content\/uploads\/2021\/04\/Birka2-16x9.jpg 16w\" sizes=\"(max-width: 652px) 100vw, 652px\" \/>\t\t\t\t\t\t\t\t\t\t\t\t\t\t\t<\/div>\n\t\t\t\t<\/div>\n\t\t\t\t\t<\/div>\n\t\t<\/div>\n\t\t\t\t\t<\/div>\n\t\t<\/section>\n\t\t\t\t<\/div>","protected":false},"excerpt":{"rendered":"<p>Birka Birka p\u00e5 Bj\u00f6rk\u00f6 \u00e4r ett fornminnes- och naturreservat med en riklig och s\u00e4regen flora, ett &#8221;eldorado&#8221; f\u00f6r alla som \u00e4r intresserade av forntid och vacker natur. Birka anses vara Sveriges f\u00f6rsta stad som under en tid var Sveriges handelscentrum och vikingarnas huvudstad.N\u00e4r vi lagt till p\u00e5 Bj\u00f6rk\u00f6 tar du en promenad upp till mus\u00e9et. [&hellip;]<\/p>\n","protected":false},"author":2,"featured_media":0,"parent":0,"menu_order":0,"comment_status":"closed","ping_status":"closed","template":"elementor_header_footer","meta":{"footnotes":""},"class_list":["post-441","page","type-page","status-publish","hentry"],"_links":{"self":[{"href":"https:\/\/wp.ejdern.org\/en\/wp-json\/wp\/v2\/pages\/441","targetHints":{"allow":["GET"]}}],"collection":[{"href":"https:\/\/wp.ejdern.org\/en\/wp-json\/wp\/v2\/pages"}],"about":[{"href":"https:\/\/wp.ejdern.org\/en\/wp-json\/wp\/v2\/types\/page"}],"author":[{"embeddable":true,"href":"https:\/\/wp.ejdern.org\/en\/wp-json\/wp\/v2\/users\/2"}],"replies":[{"embeddable":true,"href":"https:\/\/wp.ejdern.org\/en\/wp-json\/wp\/v2\/comments?post=441"}],"version-history":[{"count":195,"href":"https:\/\/wp.ejdern.org\/en\/wp-json\/wp\/v2\/pages\/441\/revisions"}],"predecessor-version":[{"id":3263,"href":"https:\/\/wp.ejdern.org\/en\/wp-json\/wp\/v2\/pages\/441\/revisions\/3263"}],"wp:attachment":[{"href":"https:\/\/wp.ejdern.org\/en\/wp-json\/wp\/v2\/media?parent=441"}],"curies":[{"name":"wp","href":"https:\/\/api.w.org\/{rel}","templated":true}]}}