{"id":446,"date":"2021-02-21T09:18:25","date_gmt":"2021-02-21T08:18:25","guid":{"rendered":"http:\/\/wp.ejdern.org\/?page_id=446"},"modified":"2023-05-29T08:03:41","modified_gmt":"2023-05-29T07:03:41","slug":"adelso","status":"publish","type":"page","link":"https:\/\/wp.ejdern.org\/en\/adelso\/","title":{"rendered":"Adels\u00f6"},"content":{"rendered":"<div data-elementor-type=\"wp-page\" data-elementor-id=\"446\" class=\"elementor elementor-446\" data-elementor-post-type=\"page\">\n\t\t\t\t\t\t<section class=\"elementor-section elementor-top-section elementor-element elementor-element-b2c0d43 elementor-section-boxed elementor-section-height-default elementor-section-height-default\" data-id=\"b2c0d43\" data-element_type=\"section\" data-e-type=\"section\">\n\t\t\t\t\t\t<div class=\"elementor-container elementor-column-gap-default\">\n\t\t\t\t\t<div class=\"elementor-column elementor-col-100 elementor-top-column elementor-element elementor-element-8142261\" data-id=\"8142261\" data-element_type=\"column\" data-e-type=\"column\">\n\t\t\t<div class=\"elementor-widget-wrap elementor-element-populated\">\n\t\t\t\t\t\t<div class=\"elementor-element elementor-element-63d79aa elementor-widget elementor-widget-heading\" data-id=\"63d79aa\" data-element_type=\"widget\" data-e-type=\"widget\" data-widget_type=\"heading.default\">\n\t\t\t\t<div class=\"elementor-widget-container\">\n\t\t\t\t\t<h2 class=\"elementor-heading-title elementor-size-default\">Adels\u00f6 via Birka<\/h2>\t\t\t\t<\/div>\n\t\t\t\t<\/div>\n\t\t\t\t\t<\/div>\n\t\t<\/div>\n\t\t\t\t\t<\/div>\n\t\t<\/section>\n\t\t\t\t<section class=\"elementor-section elementor-top-section elementor-element elementor-element-5392ef2 elementor-section-boxed elementor-section-height-default elementor-section-height-default\" data-id=\"5392ef2\" data-element_type=\"section\" data-e-type=\"section\">\n\t\t\t\t\t\t<div class=\"elementor-container elementor-column-gap-default\">\n\t\t\t\t\t<div class=\"elementor-column elementor-col-50 elementor-top-column elementor-element elementor-element-c3f2a21\" data-id=\"c3f2a21\" data-element_type=\"column\" data-e-type=\"column\">\n\t\t\t<div class=\"elementor-widget-wrap elementor-element-populated\">\n\t\t\t\t\t\t<div class=\"elementor-element elementor-element-312e4d9 elementor-widget elementor-widget-text-editor\" data-id=\"312e4d9\" data-element_type=\"widget\" data-e-type=\"widget\" data-widget_type=\"text-editor.default\">\n\t\t\t\t<div class=\"elementor-widget-container\">\n\t\t\t\t\t\t\t\t\t<p>On some of our Birkaturer we continue to Adels\u00f6 which has large beautiful natural areas with ancient remains and a beautiful church from the 12th century. Here is also Hovg\u00e5rden. A royal estate that existed here for over 600 years, throughout the Viking Age and into the Middle Ages.<\/p>\t\t\t\t\t\t\t\t<\/div>\n\t\t\t\t<\/div>\n\t\t\t\t<div class=\"elementor-element elementor-element-4af413c elementor-widget elementor-widget-heading\" data-id=\"4af413c\" data-element_type=\"widget\" data-e-type=\"widget\" data-widget_type=\"heading.default\">\n\t\t\t\t<div class=\"elementor-widget-container\">\n\t\t\t\t\t<h2 class=\"elementor-heading-title elementor-size-default\">Facilities <\/h2>\t\t\t\t<\/div>\n\t\t\t\t<\/div>\n\t\t\t\t<div class=\"elementor-element elementor-element-852eaff elementor-widget elementor-widget-text-editor\" data-id=\"852eaff\" data-element_type=\"widget\" data-e-type=\"widget\" data-widget_type=\"text-editor.default\">\n\t\t\t\t<div class=\"elementor-widget-container\">\n\t\t\t\t\t\t\t\t\t<p>Within walking distance of the quay there are <a href=\"https:\/\/cafehovgarden.se\/\">Caf\u00e9 Hovg\u00e5rden<\/a>. You can read more about Adels\u00f6 at <a href=\"http:\/\/www.adelso.nu\/\" target=\"_blank\" rel=\"noopener\">Adels\u00f6 - The oasis in Lake M\u00e4laren<\/a>.<\/p>\t\t\t\t\t\t\t\t<\/div>\n\t\t\t\t<\/div>\n\t\t\t\t<div class=\"elementor-element elementor-element-f8a7e55 elementor-widget elementor-widget-heading\" data-id=\"f8a7e55\" data-element_type=\"widget\" data-e-type=\"widget\" data-widget_type=\"heading.default\">\n\t\t\t\t<div class=\"elementor-widget-container\">\n\t\t\t\t\t<h2 class=\"elementor-heading-title elementor-size-default\">Schedule<\/h2>\t\t\t\t<\/div>\n\t\t\t\t<\/div>\n\t\t\t\t<section class=\"elementor-section elementor-inner-section elementor-element elementor-element-9371a38 elementor-section-boxed elementor-section-height-default elementor-section-height-default\" data-id=\"9371a38\" data-element_type=\"section\" data-e-type=\"section\">\n\t\t\t\t\t\t<div class=\"elementor-container elementor-column-gap-default\">\n\t\t\t\t\t<div class=\"elementor-column elementor-col-50 elementor-inner-column elementor-element elementor-element-5c4502e\" data-id=\"5c4502e\" data-element_type=\"column\" data-e-type=\"column\">\n\t\t\t<div class=\"elementor-widget-wrap elementor-element-populated\">\n\t\t\t\t\t\t<div class=\"elementor-element elementor-element-4beb9b0 elementor-widget elementor-widget-text-editor\" data-id=\"4beb9b0\" data-element_type=\"widget\" data-e-type=\"widget\" data-widget_type=\"text-editor.default\">\n\t\t\t\t<div class=\"elementor-widget-container\">\n\t\t\t\t\t\t\t\t\t<p>Borgm\u00e4starudden<br \/>M\u00e4larhamnen<br \/>Sandviken<br \/>Birka<br \/>Adels\u00f6<br \/><span style=\"color: #00b0fb;\"><strong>Time to spend on Adels\u00f6<br \/><\/strong><\/span>Adels\u00f6<br \/>Birka<br \/>Sandviken<br \/>M\u00e4larhamnen<br \/>Borgm\u00e4starudden<span style=\"color: #00b0fb;\"><strong><br \/><\/strong><\/span><\/p>\t\t\t\t\t\t\t\t<\/div>\n\t\t\t\t<\/div>\n\t\t\t\t\t<\/div>\n\t\t<\/div>\n\t\t\t\t<div class=\"elementor-column elementor-col-50 elementor-inner-column elementor-element elementor-element-99b3151\" data-id=\"99b3151\" data-element_type=\"column\" data-e-type=\"column\">\n\t\t\t<div class=\"elementor-widget-wrap elementor-element-populated\">\n\t\t\t\t\t\t<div class=\"elementor-element elementor-element-9586188 elementor-widget elementor-widget-text-editor\" data-id=\"9586188\" data-element_type=\"widget\" data-e-type=\"widget\" data-widget_type=\"text-editor.default\">\n\t\t\t\t<div class=\"elementor-widget-container\">\n\t\t\t\t\t\t\t\t\t<p>09:45<br \/>10:05<br \/>10:50<br \/>11:30<br \/>11:50<br \/><span style=\"color: #00b0fb;\"><strong>2 hours 50 min<br \/><\/strong><\/span>14:40<br \/>15:00<br \/>15:40<br \/>16:25<br \/>16:45<\/p>\t\t\t\t\t\t\t\t<\/div>\n\t\t\t\t<\/div>\n\t\t\t\t\t<\/div>\n\t\t<\/div>\n\t\t\t\t\t<\/div>\n\t\t<\/section>\n\t\t\t\t\t<\/div>\n\t\t<\/div>\n\t\t\t\t<div class=\"elementor-column elementor-col-50 elementor-top-column elementor-element elementor-element-07684b2\" data-id=\"07684b2\" data-element_type=\"column\" data-e-type=\"column\">\n\t\t\t<div class=\"elementor-widget-wrap elementor-element-populated\">\n\t\t\t\t\t\t<div class=\"elementor-element elementor-element-f0d405b elementor-widget elementor-widget-image\" data-id=\"f0d405b\" data-element_type=\"widget\" data-e-type=\"widget\" data-widget_type=\"image.default\">\n\t\t\t\t<div class=\"elementor-widget-container\">\n\t\t\t\t\t\t\t\t\t\t\t\t\t\t\t<img fetchpriority=\"high\" decoding=\"async\" width=\"800\" height=\"450\" src=\"https:\/\/wp.ejdern.org\/wp-content\/uploads\/2021\/05\/20200905_130826-1024x576.jpg\" class=\"attachment-large size-large wp-image-1396\" alt=\"\" srcset=\"https:\/\/wp.ejdern.org\/wp-content\/uploads\/2021\/05\/20200905_130826-1024x576.jpg 1024w, https:\/\/wp.ejdern.org\/wp-content\/uploads\/2021\/05\/20200905_130826-300x169.jpg 300w, https:\/\/wp.ejdern.org\/wp-content\/uploads\/2021\/05\/20200905_130826-768x432.jpg 768w, https:\/\/wp.ejdern.org\/wp-content\/uploads\/2021\/05\/20200905_130826-1536x864.jpg 1536w, https:\/\/wp.ejdern.org\/wp-content\/uploads\/2021\/05\/20200905_130826-2048x1152.jpg 2048w, https:\/\/wp.ejdern.org\/wp-content\/uploads\/2021\/05\/20200905_130826-16x9.jpg 16w\" sizes=\"(max-width: 800px) 100vw, 800px\" \/>\t\t\t\t\t\t\t\t\t\t\t\t\t\t\t<\/div>\n\t\t\t\t<\/div>\n\t\t\t\t\t<\/div>\n\t\t<\/div>\n\t\t\t\t\t<\/div>\n\t\t<\/section>\n\t\t\t\t<\/div>","protected":false},"excerpt":{"rendered":"<p>Adels\u00f6 via Birka P\u00e5 vissa av v\u00e5ra Birkaturer forts\u00e4tter vi till Adels\u00f6 som har stora vackra naturomr\u00e5den med fornl\u00e4mningar och en vacker kyrka fr\u00e5n 1100-talet. H\u00e4r ligger ocks\u00e5 Hovg\u00e5rden. En kungsg\u00e5rd som fanns h\u00e4r i \u00f6ver 600 \u00e5r, genom hela vikingatiden och in i medeltid. Faciliteter P\u00e5 promenadavst\u00e5nd fr\u00e5n kajen finns Caf\u00e9 Hovg\u00e5rden. Du kan [&hellip;]<\/p>\n","protected":false},"author":2,"featured_media":0,"parent":0,"menu_order":0,"comment_status":"closed","ping_status":"closed","template":"elementor_header_footer","meta":{"footnotes":""},"class_list":["post-446","page","type-page","status-publish","hentry"],"_links":{"self":[{"href":"https:\/\/wp.ejdern.org\/en\/wp-json\/wp\/v2\/pages\/446","targetHints":{"allow":["GET"]}}],"collection":[{"href":"https:\/\/wp.ejdern.org\/en\/wp-json\/wp\/v2\/pages"}],"about":[{"href":"https:\/\/wp.ejdern.org\/en\/wp-json\/wp\/v2\/types\/page"}],"author":[{"embeddable":true,"href":"https:\/\/wp.ejdern.org\/en\/wp-json\/wp\/v2\/users\/2"}],"replies":[{"embeddable":true,"href":"https:\/\/wp.ejdern.org\/en\/wp-json\/wp\/v2\/comments?post=446"}],"version-history":[{"count":65,"href":"https:\/\/wp.ejdern.org\/en\/wp-json\/wp\/v2\/pages\/446\/revisions"}],"predecessor-version":[{"id":3060,"href":"https:\/\/wp.ejdern.org\/en\/wp-json\/wp\/v2\/pages\/446\/revisions\/3060"}],"wp:attachment":[{"href":"https:\/\/wp.ejdern.org\/en\/wp-json\/wp\/v2\/media?parent=446"}],"curies":[{"name":"wp","href":"https:\/\/api.w.org\/{rel}","templated":true}]}}