{"id":552,"date":"2021-03-21T06:00:57","date_gmt":"2021-03-21T05:00:57","guid":{"rendered":"http:\/\/wp.ejdern.org\/?page_id=552"},"modified":"2026-03-25T09:14:53","modified_gmt":"2026-03-25T08:14:53","slug":"vara-supporters","status":"publish","type":"page","link":"https:\/\/wp.ejdern.org\/en\/vara-supporters\/","title":{"rendered":"Our supporters"},"content":{"rendered":"<div data-elementor-type=\"wp-page\" data-elementor-id=\"552\" class=\"elementor elementor-552\" data-elementor-post-type=\"page\">\n\t\t\t\t\t\t<section class=\"elementor-section elementor-top-section elementor-element elementor-element-a18fdcc elementor-section-boxed elementor-section-height-default elementor-section-height-default\" data-id=\"a18fdcc\" data-element_type=\"section\" data-e-type=\"section\">\n\t\t\t\t\t\t<div class=\"elementor-container elementor-column-gap-default\">\n\t\t\t\t\t<div class=\"elementor-column elementor-col-50 elementor-top-column elementor-element elementor-element-cd5a9e1\" data-id=\"cd5a9e1\" data-element_type=\"column\" data-e-type=\"column\">\n\t\t\t<div class=\"elementor-widget-wrap elementor-element-populated\">\n\t\t\t\t\t\t<div class=\"elementor-element elementor-element-b8e5bf5 elementor-widget elementor-widget-heading\" data-id=\"b8e5bf5\" data-element_type=\"widget\" data-e-type=\"widget\" data-widget_type=\"heading.default\">\n\t\t\t\t<div class=\"elementor-widget-container\">\n\t\t\t\t\t<h2 class=\"elementor-heading-title elementor-size-default\">Our patrons<\/h2>\t\t\t\t<\/div>\n\t\t\t\t<\/div>\n\t\t\t\t<div class=\"elementor-element elementor-element-a5fe66c elementor-widget elementor-widget-text-editor\" data-id=\"a5fe66c\" data-element_type=\"widget\" data-e-type=\"widget\" data-widget_type=\"text-editor.default\">\n\t\t\t\t<div class=\"elementor-widget-container\">\n\t\t\t\t\t\t\t\t\t<p>Many people like S\/S Ejdern and support her preservation. Our Grand Old Lady requires a lot of care. We are a few enthusiasts who work voluntarily to keep her in operation, but we always need more and preferably younger people involved.<\/p><p>A big thank you to our patrons, some of whom are listed below.<\/p><ul><li>Lars-Inge Karlsson, S\u00f6dert\u00e4lje<\/li><li>Astrid Holmgren, Stockholm<\/li><li>Valborg &amp; Hasse Johansson, Trosa<\/li><li>Robert Nyg\u00e5rdh, S\u00f6dert\u00e4lje<\/li><li>AB Styrhytten, S\u00f6dert\u00e4lje<\/li><li>F\u00f6reningen Sandvikens \u00e5ngb\u00e5tsbrygga, Enh\u00f6rna<\/li><li>Lindst\u00e9ns Fastigheter AB, Link\u00f6ping<\/li><li>Peter R\u00f6nstr\u00f6m, S\u00f6dert\u00e4lje<\/li><li>Steken AB, Enh\u00f6rna<\/li><li>Slottstornet AB, Link\u00f6ping<\/li><li>Begravningskonsulterna AB \/ J\u00e4rna Begravningsbyr\u00e5<\/li><li>Bernt P\u00e5 Aln\u00e4s, Vreta kloster<\/li><li>Stj\u00e4rnorps Byalag, Stj\u00e4rnorp<\/li><li>Lars Fr\u00e4nne Konsult AB, S\u00f6dert\u00e4lje<\/li><li>Bifrostlogen nr 13, S\u00f6dert\u00e4lje<\/li><li>Stockholms Grosshandelssocietet<\/li><li>The National Heritage Board<\/li><li>The State Maritime and Transport History Museums<\/li><li>Valve technology in Motala<\/li><li>Otto, S\u00f6dert\u00e4lje<\/li><li><a href=\"https:\/\/www.checkproof.com\/\" target=\"_blank\" rel=\"noopener\">CheckProof<\/a><\/li><li><a href=\"https:\/\/www.sjoutbildning.se\">Marina Educational Centre<\/a><\/li><li><a href=\"https:\/\/www.njordx.com\/\">NjordX Stockholm AB<\/a><\/li><\/ul>\t\t\t\t\t\t\t\t<\/div>\n\t\t\t\t<\/div>\n\t\t\t\t<div class=\"elementor-element elementor-element-e67246b elementor-widget-divider--view-line elementor-widget elementor-widget-divider\" data-id=\"e67246b\" data-element_type=\"widget\" data-e-type=\"widget\" data-widget_type=\"divider.default\">\n\t\t\t\t<div class=\"elementor-widget-container\">\n\t\t\t\t\t\t\t<div class=\"elementor-divider\">\n\t\t\t<span class=\"elementor-divider-separator\">\n\t\t\t\t\t\t<\/span>\n\t\t<\/div>\n\t\t\t\t\t\t<\/div>\n\t\t\t\t<\/div>\n\t\t\t\t<div class=\"elementor-element elementor-element-b33dd8f elementor-widget elementor-widget-text-editor\" data-id=\"b33dd8f\" data-element_type=\"widget\" data-e-type=\"widget\" data-widget_type=\"text-editor.default\">\n\t\t\t\t<div class=\"elementor-widget-container\">\n\t\t\t\t\t\t\t\t\t<p>If you also want to be involved in preserving a cultural treasure, send an email to our <a href=\"mailto:kansliet@ejdern.org\">office<\/a><\/p>\t\t\t\t\t\t\t\t<\/div>\n\t\t\t\t<\/div>\n\t\t\t\t\t<\/div>\n\t\t<\/div>\n\t\t\t\t<div class=\"elementor-column elementor-col-50 elementor-top-column elementor-element elementor-element-fcf3512\" data-id=\"fcf3512\" data-element_type=\"column\" data-e-type=\"column\">\n\t\t\t<div class=\"elementor-widget-wrap elementor-element-populated\">\n\t\t\t\t\t\t<div class=\"elementor-element elementor-element-787aa09 elementor-widget elementor-widget-image\" data-id=\"787aa09\" data-element_type=\"widget\" data-e-type=\"widget\" data-widget_type=\"image.default\">\n\t\t\t\t<div class=\"elementor-widget-container\">\n\t\t\t\t\t\t\t\t\t\t\t\t\t\t\t<img fetchpriority=\"high\" decoding=\"async\" width=\"757\" height=\"1024\" src=\"https:\/\/wp.ejdern.org\/wp-content\/uploads\/2021\/03\/Ejdern_Tack-diplom_jan2021-begr-757x1024.jpg\" class=\"attachment-large size-large wp-image-562\" alt=\"\" srcset=\"https:\/\/wp.ejdern.org\/wp-content\/uploads\/2021\/03\/Ejdern_Tack-diplom_jan2021-begr-757x1024.jpg 757w, https:\/\/wp.ejdern.org\/wp-content\/uploads\/2021\/03\/Ejdern_Tack-diplom_jan2021-begr-222x300.jpg 222w, https:\/\/wp.ejdern.org\/wp-content\/uploads\/2021\/03\/Ejdern_Tack-diplom_jan2021-begr-768x1039.jpg 768w, https:\/\/wp.ejdern.org\/wp-content\/uploads\/2021\/03\/Ejdern_Tack-diplom_jan2021-begr-1135x1536.jpg 1135w, https:\/\/wp.ejdern.org\/wp-content\/uploads\/2021\/03\/Ejdern_Tack-diplom_jan2021-begr-1513x2048.jpg 1513w, https:\/\/wp.ejdern.org\/wp-content\/uploads\/2021\/03\/Ejdern_Tack-diplom_jan2021-begr-9x12.jpg 9w, https:\/\/wp.ejdern.org\/wp-content\/uploads\/2021\/03\/Ejdern_Tack-diplom_jan2021-begr-scaled.jpg 1892w\" sizes=\"(max-width: 757px) 100vw, 757px\" \/>\t\t\t\t\t\t\t\t\t\t\t\t\t\t\t<\/div>\n\t\t\t\t<\/div>\n\t\t\t\t\t<\/div>\n\t\t<\/div>\n\t\t\t\t\t<\/div>\n\t\t<\/section>\n\t\t\t\t<\/div>","protected":false},"excerpt":{"rendered":"<p>V\u00e5ra mecenater Det \u00e4r m\u00e5nga som tycker om S\/S Ejdern och st\u00f6djer bevarandet av henne . V\u00e5r Grand Old Lady kr\u00e4ver mycket omv\u00e5rdnad. Vi \u00e4r n\u00e5gra eldsj\u00e4lar som jobbar ideellt f\u00f6r att h\u00e5lla henne i drift, men vi beh\u00f6ver alltid bli fler och g\u00e4rna yngre engagerade. Ett stort tack till v\u00e5ra mecenater, varav n\u00e5gra \u00e4r [&hellip;]<\/p>\n","protected":false},"author":2,"featured_media":0,"parent":0,"menu_order":0,"comment_status":"closed","ping_status":"closed","template":"elementor_header_footer","meta":{"footnotes":""},"class_list":["post-552","page","type-page","status-publish","hentry"],"_links":{"self":[{"href":"https:\/\/wp.ejdern.org\/en\/wp-json\/wp\/v2\/pages\/552","targetHints":{"allow":["GET"]}}],"collection":[{"href":"https:\/\/wp.ejdern.org\/en\/wp-json\/wp\/v2\/pages"}],"about":[{"href":"https:\/\/wp.ejdern.org\/en\/wp-json\/wp\/v2\/types\/page"}],"author":[{"embeddable":true,"href":"https:\/\/wp.ejdern.org\/en\/wp-json\/wp\/v2\/users\/2"}],"replies":[{"embeddable":true,"href":"https:\/\/wp.ejdern.org\/en\/wp-json\/wp\/v2\/comments?post=552"}],"version-history":[{"count":65,"href":"https:\/\/wp.ejdern.org\/en\/wp-json\/wp\/v2\/pages\/552\/revisions"}],"predecessor-version":[{"id":3638,"href":"https:\/\/wp.ejdern.org\/en\/wp-json\/wp\/v2\/pages\/552\/revisions\/3638"}],"wp:attachment":[{"href":"https:\/\/wp.ejdern.org\/en\/wp-json\/wp\/v2\/media?parent=552"}],"curies":[{"name":"wp","href":"https:\/\/api.w.org\/{rel}","templated":true}]}}