{"id":607,"date":"2021-04-06T08:08:30","date_gmt":"2021-04-06T07:08:30","guid":{"rendered":"http:\/\/wp.ejdern.org\/?page_id=607"},"modified":"2026-02-22T11:48:34","modified_gmt":"2026-02-22T10:48:34","slug":"oaxen","status":"publish","type":"page","link":"https:\/\/wp.ejdern.org\/en\/oaxen\/","title":{"rendered":"Oaxen"},"content":{"rendered":"<div data-elementor-type=\"wp-page\" data-elementor-id=\"607\" class=\"elementor elementor-607\" data-elementor-post-type=\"page\">\n\t\t\t\t\t\t<section class=\"elementor-section elementor-top-section elementor-element elementor-element-2c1da75c elementor-section-boxed elementor-section-height-default elementor-section-height-default\" data-id=\"2c1da75c\" data-element_type=\"section\" data-e-type=\"section\">\n\t\t\t\t\t\t<div class=\"elementor-container elementor-column-gap-default\">\n\t\t\t\t\t<div class=\"elementor-column elementor-col-50 elementor-top-column elementor-element elementor-element-64122978\" data-id=\"64122978\" data-element_type=\"column\" data-e-type=\"column\">\n\t\t\t<div class=\"elementor-widget-wrap elementor-element-populated\">\n\t\t\t\t\t\t<div class=\"elementor-element elementor-element-61416cd3 elementor-widget elementor-widget-heading\" data-id=\"61416cd3\" data-element_type=\"widget\" data-e-type=\"widget\" data-widget_type=\"heading.default\">\n\t\t\t\t<div class=\"elementor-widget-container\">\n\t\t\t\t\t<h2 class=\"elementor-heading-title elementor-size-default\">Oaxen<\/h2>\t\t\t\t<\/div>\n\t\t\t\t<\/div>\n\t\t\t\t<div class=\"elementor-element elementor-element-4b703827 elementor-widget elementor-widget-text-editor\" data-id=\"4b703827\" data-element_type=\"widget\" data-e-type=\"widget\" data-widget_type=\"text-editor.default\">\n\t\t\t\t<div class=\"elementor-widget-container\">\n\t\t\t\t\t\t\t\t\t<p>The almost two kilometres long and five hundred metres wide limestone cliff Oaxen is located east of M\u00f6rk\u00f6 and west of Sorundalandet on S\u00f6dert\u00f6rn in the middle of Himmerfj\u00e4rden about one mile south of J\u00e4rnafj\u00e4rden, which further north turns into the S\u00f6dert\u00e4lje canal. The old limestone quarry with its mill community is located in the old waters of S\/S Ejdern. The old settlement remains on the island. Take a look at the colours of the old limestone quarry with its chalk-white rock walls and azure lagoons. Someone has likened Oaxen to a boat with its keel in the wind. According to a language and place-name researcher, the name Oaxen is derived from the word \u201dohags\u00f6n\u201d, as the sailing route between Oaxen and the islet of Regarn was quite difficult.<\/p>\t\t\t\t\t\t\t\t<\/div>\n\t\t\t\t<\/div>\n\t\t\t\t<div class=\"elementor-element elementor-element-4f6482b elementor-hidden-desktop elementor-hidden-tablet elementor-hidden-mobile elementor-widget elementor-widget-heading\" data-id=\"4f6482b\" data-element_type=\"widget\" data-e-type=\"widget\" data-widget_type=\"heading.default\">\n\t\t\t\t<div class=\"elementor-widget-container\">\n\t\t\t\t\t<h2 class=\"elementor-heading-title elementor-size-default\">Cultural Heritage Day<\/h2>\t\t\t\t<\/div>\n\t\t\t\t<\/div>\n\t\t\t\t<div class=\"elementor-element elementor-element-fff0087 elementor-hidden-desktop elementor-hidden-tablet elementor-hidden-mobile elementor-widget elementor-widget-text-editor\" data-id=\"fff0087\" data-element_type=\"widget\" data-e-type=\"widget\" data-widget_type=\"text-editor.default\">\n\t\t\t\t<div class=\"elementor-widget-container\">\n\t\t\t\t\t\t\t\t\t<p>Together with M\u00f6rk\u00f6\/H\u00f6l\u00f6 Hembygdsf\u00f6rening, we will carry out an activity in connection with this year's cultural heritage day on Sunday 8 September 2024. This year's theme is: <strong>Cultural routes, hubs and meeting points<\/strong>. Read more at <a href=\"https:\/\/www.raa.se\/evenemang-och-upplevelser\/kulturarvsdagen\/tema-2024\/\">The website of the National Heritage Board<\/a>.<\/p>\t\t\t\t\t\t\t\t<\/div>\n\t\t\t\t<\/div>\n\t\t\t\t<div class=\"elementor-element elementor-element-9cf8dc1 elementor-hidden-desktop elementor-hidden-tablet elementor-hidden-mobile elementor-widget elementor-widget-heading\" data-id=\"9cf8dc1\" data-element_type=\"widget\" data-e-type=\"widget\" data-widget_type=\"heading.default\">\n\t\t\t\t<div class=\"elementor-widget-container\">\n\t\t\t\t\t<h2 class=\"elementor-heading-title elementor-size-default\">Facilities<\/h2>\t\t\t\t<\/div>\n\t\t\t\t<\/div>\n\t\t\t\t<div class=\"elementor-element elementor-element-be47e87 elementor-hidden-desktop elementor-hidden-tablet elementor-hidden-mobile elementor-widget elementor-widget-text-editor\" data-id=\"be47e87\" data-element_type=\"widget\" data-e-type=\"widget\" data-widget_type=\"text-editor.default\">\n\t\t\t\t<div class=\"elementor-widget-container\">\n\t\t\t\t\t\t\t\t\t<p>At Oaxen you can eat, stay and go on guided tours. Read more at the <a href=\"http:\/\/oaxenbygdegard.se\/\" target=\"_blank\" rel=\"noopener\">website<\/a>.<\/p>\t\t\t\t\t\t\t\t<\/div>\n\t\t\t\t<\/div>\n\t\t\t\t<div class=\"elementor-element elementor-element-234bdf8a elementor-widget elementor-widget-heading\" data-id=\"234bdf8a\" data-element_type=\"widget\" data-e-type=\"widget\" data-widget_type=\"heading.default\">\n\t\t\t\t<div class=\"elementor-widget-container\">\n\t\t\t\t\t<h2 class=\"elementor-heading-title elementor-size-default\">Schedule<\/h2>\t\t\t\t<\/div>\n\t\t\t\t<\/div>\n\t\t\t\t<section class=\"elementor-section elementor-inner-section elementor-element elementor-element-1f4add4 elementor-section-boxed elementor-section-height-default elementor-section-height-default\" data-id=\"1f4add4\" data-element_type=\"section\" data-e-type=\"section\">\n\t\t\t\t\t\t<div class=\"elementor-container elementor-column-gap-default\">\n\t\t\t\t\t<div class=\"elementor-column elementor-col-50 elementor-inner-column elementor-element elementor-element-5cead0d\" data-id=\"5cead0d\" data-element_type=\"column\" data-e-type=\"column\">\n\t\t\t<div class=\"elementor-widget-wrap elementor-element-populated\">\n\t\t\t\t\t\t<div class=\"elementor-element elementor-element-2c524ad elementor-widget elementor-widget-text-editor\" data-id=\"2c524ad\" data-element_type=\"widget\" data-e-type=\"widget\" data-widget_type=\"text-editor.default\">\n\t\t\t\t<div class=\"elementor-widget-container\">\n\t\t\t\t\t\t\t\t\t<p>Borgm\u00e4starudden<br \/>Oaxen<br \/><span style=\"color: #00b0fb;\"><strong>Time at Oaxen<br \/><\/strong><\/span>Oaxen<br \/>Borgm\u00e4starudden<span style=\"color: #00b0fb;\"><strong><br \/><\/strong><\/span><\/p>\t\t\t\t\t\t\t\t<\/div>\n\t\t\t\t<\/div>\n\t\t\t\t\t<\/div>\n\t\t<\/div>\n\t\t\t\t<div class=\"elementor-column elementor-col-50 elementor-inner-column elementor-element elementor-element-f047670\" data-id=\"f047670\" data-element_type=\"column\" data-e-type=\"column\">\n\t\t\t<div class=\"elementor-widget-wrap elementor-element-populated\">\n\t\t\t\t\t\t<div class=\"elementor-element elementor-element-a419b6f elementor-widget elementor-widget-text-editor\" data-id=\"a419b6f\" data-element_type=\"widget\" data-e-type=\"widget\" data-widget_type=\"text-editor.default\">\n\t\t\t\t<div class=\"elementor-widget-container\">\n\t\t\t\t\t\t\t\t\t<p>08:45<br \/>11:00<br \/><span style=\"color: #00b0fb;\"><strong>4 hours<br \/><\/strong><\/span>15:00<br \/>17:15<\/p>\t\t\t\t\t\t\t\t<\/div>\n\t\t\t\t<\/div>\n\t\t\t\t\t<\/div>\n\t\t<\/div>\n\t\t\t\t\t<\/div>\n\t\t<\/section>\n\t\t\t\t\t<\/div>\n\t\t<\/div>\n\t\t\t\t<div class=\"elementor-column elementor-col-50 elementor-top-column elementor-element elementor-element-7f76cad6\" data-id=\"7f76cad6\" data-element_type=\"column\" data-e-type=\"column\">\n\t\t\t<div class=\"elementor-widget-wrap elementor-element-populated\">\n\t\t\t\t\t\t<div class=\"elementor-element elementor-element-23d59c2 elementor-widget elementor-widget-image\" data-id=\"23d59c2\" data-element_type=\"widget\" data-e-type=\"widget\" data-widget_type=\"image.default\">\n\t\t\t\t<div class=\"elementor-widget-container\">\n\t\t\t\t\t\t\t\t\t\t\t\t\t\t\t<img fetchpriority=\"high\" decoding=\"async\" width=\"800\" height=\"992\" src=\"https:\/\/wp.ejdern.org\/wp-content\/uploads\/2021\/05\/Oaxen-scaled-e1620210469105-826x1024.jpg\" class=\"attachment-large size-large wp-image-1460\" alt=\"\" srcset=\"https:\/\/wp.ejdern.org\/wp-content\/uploads\/2021\/05\/Oaxen-scaled-e1620210469105-826x1024.jpg 826w, https:\/\/wp.ejdern.org\/wp-content\/uploads\/2021\/05\/Oaxen-scaled-e1620210469105-242x300.jpg 242w, https:\/\/wp.ejdern.org\/wp-content\/uploads\/2021\/05\/Oaxen-scaled-e1620210469105-768x952.jpg 768w, https:\/\/wp.ejdern.org\/wp-content\/uploads\/2021\/05\/Oaxen-scaled-e1620210469105-1239x1536.jpg 1239w, https:\/\/wp.ejdern.org\/wp-content\/uploads\/2021\/05\/Oaxen-scaled-e1620210469105-10x12.jpg 10w, https:\/\/wp.ejdern.org\/wp-content\/uploads\/2021\/05\/Oaxen-scaled-e1620210469105.jpg 1440w\" sizes=\"(max-width: 800px) 100vw, 800px\" \/>\t\t\t\t\t\t\t\t\t\t\t\t\t\t\t<\/div>\n\t\t\t\t<\/div>\n\t\t\t\t\t<\/div>\n\t\t<\/div>\n\t\t\t\t\t<\/div>\n\t\t<\/section>\n\t\t\t\t<section class=\"elementor-section elementor-top-section elementor-element elementor-element-865175a elementor-section-boxed elementor-section-height-default elementor-section-height-default\" data-id=\"865175a\" data-element_type=\"section\" data-e-type=\"section\">\n\t\t\t\t\t\t<div class=\"elementor-container elementor-column-gap-default\">\n\t\t\t\t\t<div class=\"elementor-column elementor-col-100 elementor-top-column elementor-element elementor-element-8b7c8c8\" data-id=\"8b7c8c8\" data-element_type=\"column\" data-e-type=\"column\">\n\t\t\t<div class=\"elementor-widget-wrap\">\n\t\t\t\t\t\t\t<\/div>\n\t\t<\/div>\n\t\t\t\t\t<\/div>\n\t\t<\/section>\n\t\t\t\t<\/div>","protected":false},"excerpt":{"rendered":"<p>Oaxen Den n\u00e4stan tv\u00e5 kilometer l\u00e5nga och femhundra meter breda kalkstensklippan Oaxen ligger \u00f6ster om M\u00f6rk\u00f6 och v\u00e4ster om Sorundalandet p\u00e5 S\u00f6dert\u00f6rn mitt i Himmerfj\u00e4rden ca en mil s\u00f6der om J\u00e4rnafj\u00e4rden, som l\u00e4ngre norrut \u00f6verg\u00e5r i S\u00f6dert\u00e4lje kanal. Det gamla kalkbrottet med dess brukssamh\u00e4lle ligger i S\/S Ejderns gamla farvatten. Den gamla bebyggelsen finns kvar [&hellip;]<\/p>\n","protected":false},"author":2,"featured_media":0,"parent":0,"menu_order":0,"comment_status":"closed","ping_status":"closed","template":"elementor_header_footer","meta":{"footnotes":""},"class_list":["post-607","page","type-page","status-publish","hentry"],"_links":{"self":[{"href":"https:\/\/wp.ejdern.org\/en\/wp-json\/wp\/v2\/pages\/607","targetHints":{"allow":["GET"]}}],"collection":[{"href":"https:\/\/wp.ejdern.org\/en\/wp-json\/wp\/v2\/pages"}],"about":[{"href":"https:\/\/wp.ejdern.org\/en\/wp-json\/wp\/v2\/types\/page"}],"author":[{"embeddable":true,"href":"https:\/\/wp.ejdern.org\/en\/wp-json\/wp\/v2\/users\/2"}],"replies":[{"embeddable":true,"href":"https:\/\/wp.ejdern.org\/en\/wp-json\/wp\/v2\/comments?post=607"}],"version-history":[{"count":52,"href":"https:\/\/wp.ejdern.org\/en\/wp-json\/wp\/v2\/pages\/607\/revisions"}],"predecessor-version":[{"id":3614,"href":"https:\/\/wp.ejdern.org\/en\/wp-json\/wp\/v2\/pages\/607\/revisions\/3614"}],"wp:attachment":[{"href":"https:\/\/wp.ejdern.org\/en\/wp-json\/wp\/v2\/media?parent=607"}],"curies":[{"name":"wp","href":"https:\/\/api.w.org\/{rel}","templated":true}]}}