{"id":734,"date":"2021-04-15T09:11:09","date_gmt":"2021-04-15T08:11:09","guid":{"rendered":"http:\/\/wp.ejdern.org\/?page_id=734"},"modified":"2026-02-22T11:49:32","modified_gmt":"2026-02-22T10:49:32","slug":"riddarholmen","status":"publish","type":"page","link":"https:\/\/wp.ejdern.org\/en\/riddarholmen\/","title":{"rendered":"Riddarholmen"},"content":{"rendered":"<div data-elementor-type=\"wp-post\" data-elementor-id=\"734\" class=\"elementor elementor-734\" data-elementor-post-type=\"page\">\n\t\t\t\t\t\t<section class=\"elementor-section elementor-top-section elementor-element elementor-element-f1df229 elementor-section-boxed elementor-section-height-default elementor-section-height-default\" data-id=\"f1df229\" data-element_type=\"section\" data-e-type=\"section\">\n\t\t\t\t\t\t<div class=\"elementor-container elementor-column-gap-default\">\n\t\t\t\t\t<div class=\"elementor-column elementor-col-50 elementor-top-column elementor-element elementor-element-08f2e87\" data-id=\"08f2e87\" data-element_type=\"column\" data-e-type=\"column\">\n\t\t\t<div class=\"elementor-widget-wrap elementor-element-populated\">\n\t\t\t\t\t\t<div class=\"elementor-element elementor-element-f5709ce elementor-widget elementor-widget-heading\" data-id=\"f5709ce\" data-element_type=\"widget\" data-e-type=\"widget\" data-widget_type=\"heading.default\">\n\t\t\t\t<div class=\"elementor-widget-container\">\n\t\t\t\t\t<h2 class=\"elementor-heading-title elementor-size-default\">Riddarholmen<\/h2>\t\t\t\t<\/div>\n\t\t\t\t<\/div>\n\t\t\t\t<div class=\"elementor-element elementor-element-df0e9f4 elementor-widget elementor-widget-text-editor\" data-id=\"df0e9f4\" data-element_type=\"widget\" data-e-type=\"widget\" data-widget_type=\"text-editor.default\">\n\t\t\t\t<div class=\"elementor-widget-container\">\n\t\t\t\t\t\t\t\t\t<p>Riddarholmen is an island in Lake M\u00e4laren and a neighbourhood in central Stockholm<b>.\u00a0<\/b><strong><br \/><\/strong>Riddarholmen\u00a0<span style=\"color: #202122; font-family: sans-serif;\">together with the Old Town are <\/span><span style=\"color: #202122; font-family: sans-serif;\">The historic centre of Stockholm. In the 13th century a monastery was built and<\/span><span style=\"color: #202122; font-family: sans-serif;\">\u00a0the abbey church, the current Riddarholm Church<\/span><span style=\"color: #202122; font-family: sans-serif;\">. During the 17th century, the nobility built magnificent palaces that later<\/span><span style=\"color: #202122; font-family: sans-serif;\">\u00a0gradually taken over by the state agencies and courts that still dominate the islet.<\/span>\u00a0<\/p><p>Walking distance to Old Town shopping streets, restaurants, etc.<\/p>\t\t\t\t\t\t\t\t<\/div>\n\t\t\t\t<\/div>\n\t\t\t\t<div class=\"elementor-element elementor-element-0eeb72c elementor-hidden-desktop elementor-hidden-tablet elementor-hidden-mobile elementor-widget elementor-widget-heading\" data-id=\"0eeb72c\" data-element_type=\"widget\" data-e-type=\"widget\" data-widget_type=\"heading.default\">\n\t\t\t\t<div class=\"elementor-widget-container\">\n\t\t\t\t\t<h2 class=\"elementor-heading-title elementor-size-default\"><br>Timetable Stockholm steam<\/h2>\t\t\t\t<\/div>\n\t\t\t\t<\/div>\n\t\t\t\t<section class=\"elementor-section elementor-inner-section elementor-element elementor-element-5701850 elementor-hidden-desktop elementor-hidden-tablet elementor-hidden-mobile elementor-section-boxed elementor-section-height-default elementor-section-height-default\" data-id=\"5701850\" data-element_type=\"section\" data-e-type=\"section\">\n\t\t\t\t\t\t<div class=\"elementor-container elementor-column-gap-default\">\n\t\t\t\t\t<div class=\"elementor-column elementor-col-50 elementor-inner-column elementor-element elementor-element-94ccf85\" data-id=\"94ccf85\" data-element_type=\"column\" data-e-type=\"column\">\n\t\t\t<div class=\"elementor-widget-wrap elementor-element-populated\">\n\t\t\t\t\t\t<div class=\"elementor-element elementor-element-c5a1ee0 elementor-widget elementor-widget-text-editor\" data-id=\"c5a1ee0\" data-element_type=\"widget\" data-e-type=\"widget\" data-widget_type=\"text-editor.default\">\n\t\t\t\t<div class=\"elementor-widget-container\">\n\t\t\t\t\t\t\t\t\t<p>Borgm\u00e4starudden<br \/>M\u00e4larhamnen<br \/>Sturehov<br \/>Riddarholmen<span style=\"font-family: var( --e-global-typography-text-font-family ), Sans-serif; font-size: 1rem;\"><br \/><\/span><span style=\"font-family: var( --e-global-typography-text-font-family ), Sans-serif; font-size: 1rem;\"><span style=\"color: #00b0fb;\"><span style=\"font-weight: bolder;\">Time in Stockholm<\/span><b><br \/><\/b><\/span><\/span><span style=\"color: var( --e-global-color-text ); font-family: var( --e-global-typography-text-font-family ), Sans-serif; font-weight: var( --e-global-typography-text-font-weight ); font-size: 1rem;\">Riddarholmen<br \/><\/span><span style=\"color: var( --e-global-color-text ); font-family: var( --e-global-typography-text-font-family ), Sans-serif; font-weight: var( --e-global-typography-text-font-weight ); font-size: 1rem;\">Sturehov<br \/><\/span><span style=\"color: var( --e-global-color-text ); font-family: var( --e-global-typography-text-font-family ), Sans-serif; font-weight: var( --e-global-typography-text-font-weight ); font-size: 1rem;\">M\u00e4larhamnen<br \/><\/span><span style=\"color: var( --e-global-color-text ); font-family: var( --e-global-typography-text-font-family ), Sans-serif; font-weight: var( --e-global-typography-text-font-weight ); font-size: 1rem;\">Borgm\u00e4starudden<\/span><\/p>\t\t\t\t\t\t\t\t<\/div>\n\t\t\t\t<\/div>\n\t\t\t\t\t<\/div>\n\t\t<\/div>\n\t\t\t\t<div class=\"elementor-column elementor-col-50 elementor-inner-column elementor-element elementor-element-a3e489e\" data-id=\"a3e489e\" data-element_type=\"column\" data-e-type=\"column\">\n\t\t\t<div class=\"elementor-widget-wrap elementor-element-populated\">\n\t\t\t\t\t\t<div class=\"elementor-element elementor-element-2efaf89 elementor-widget elementor-widget-text-editor\" data-id=\"2efaf89\" data-element_type=\"widget\" data-e-type=\"widget\" data-widget_type=\"text-editor.default\">\n\t\t\t\t<div class=\"elementor-widget-container\">\n\t\t\t\t\t\t\t\t\t<p>08:00<br \/>08:20<br \/>09:40<br \/>11:00<span style=\"font-family: var( --e-global-typography-text-font-family ), Sans-serif; font-size: 1rem;\"><br \/><\/span><span style=\"font-family: var( --e-global-typography-text-font-family ), Sans-serif; font-size: 1rem;\"><span style=\"color: #00b0fb;\"><span style=\"font-weight: bolder;\">5 h 30 min<\/span><b><br \/><\/b><\/span><\/span><span style=\"color: var( --e-global-color-text ); font-family: var( --e-global-typography-text-font-family ), Sans-serif; font-weight: var( --e-global-typography-text-font-weight ); font-size: 1rem;\">16:30<br \/><\/span><span style=\"color: var( --e-global-color-text ); font-family: var( --e-global-typography-text-font-family ), Sans-serif; font-weight: var( --e-global-typography-text-font-weight ); font-size: 1rem;\">17:50<br \/><\/span><span style=\"color: var( --e-global-color-text ); font-family: var( --e-global-typography-text-font-family ), Sans-serif; font-weight: var( --e-global-typography-text-font-weight ); font-size: 1rem;\">19:10<br \/><\/span><span style=\"color: var( --e-global-color-text ); font-family: var( --e-global-typography-text-font-family ), Sans-serif; font-weight: var( --e-global-typography-text-font-weight ); font-size: 1rem;\">19:30<\/span><\/p>\t\t\t\t\t\t\t\t<\/div>\n\t\t\t\t<\/div>\n\t\t\t\t\t<\/div>\n\t\t<\/div>\n\t\t\t\t\t<\/div>\n\t\t<\/section>\n\t\t\t\t<div class=\"elementor-element elementor-element-f443464 elementor-widget elementor-widget-heading\" data-id=\"f443464\" data-element_type=\"widget\" data-e-type=\"widget\" data-widget_type=\"heading.default\">\n\t\t\t\t<div class=\"elementor-widget-container\">\n\t\t\t\t\t<h2 class=\"elementor-heading-title elementor-size-default\"><br>Timetable via Drottningholm<\/h2>\t\t\t\t<\/div>\n\t\t\t\t<\/div>\n\t\t\t\t<section class=\"elementor-section elementor-inner-section elementor-element elementor-element-97a7948 elementor-section-boxed elementor-section-height-default elementor-section-height-default\" data-id=\"97a7948\" data-element_type=\"section\" data-e-type=\"section\">\n\t\t\t\t\t\t<div class=\"elementor-container elementor-column-gap-default\">\n\t\t\t\t\t<div class=\"elementor-column elementor-col-50 elementor-inner-column elementor-element elementor-element-1160ec2\" data-id=\"1160ec2\" data-element_type=\"column\" data-e-type=\"column\">\n\t\t\t<div class=\"elementor-widget-wrap elementor-element-populated\">\n\t\t\t\t\t\t<div class=\"elementor-element elementor-element-d6e7b2a elementor-widget elementor-widget-text-editor\" data-id=\"d6e7b2a\" data-element_type=\"widget\" data-e-type=\"widget\" data-widget_type=\"text-editor.default\">\n\t\t\t\t<div class=\"elementor-widget-container\">\n\t\t\t\t\t\t\t\t\t<p>Borgm\u00e4starudden<br \/>M\u00e4larhamnen<br \/>Sturehov<br \/>Drottningholm<br \/>Riddarholmen<br \/><span style=\"color: #00b0fb;\"><strong>Time in Stockholm<br \/><\/strong><\/span>Riddarholmen<br \/>Drottningholm<br \/>Sturehov<br \/>M\u00e4larhamnen<br \/>Borgm\u00e4starudden<span style=\"color: #00b0fb;\"><strong><br \/><\/strong><\/span><\/p>\t\t\t\t\t\t\t\t<\/div>\n\t\t\t\t<\/div>\n\t\t\t\t\t<\/div>\n\t\t<\/div>\n\t\t\t\t<div class=\"elementor-column elementor-col-50 elementor-inner-column elementor-element elementor-element-a5666cc\" data-id=\"a5666cc\" data-element_type=\"column\" data-e-type=\"column\">\n\t\t\t<div class=\"elementor-widget-wrap elementor-element-populated\">\n\t\t\t\t\t\t<div class=\"elementor-element elementor-element-979d91c elementor-widget elementor-widget-text-editor\" data-id=\"979d91c\" data-element_type=\"widget\" data-e-type=\"widget\" data-widget_type=\"text-editor.default\">\n\t\t\t\t<div class=\"elementor-widget-container\">\n\t\t\t\t\t\t\t\t\t<p>08:45<br \/>09:05<br \/>10:25<br \/>11:25<br \/>12:35<br \/><span style=\"color: #00b0fb;\"><strong>2 hours 25 min<br \/><\/strong><\/span>15:00<br \/>16:10<br \/>17:10<br \/>18:40<br \/>19:00<\/p>\t\t\t\t\t\t\t\t<\/div>\n\t\t\t\t<\/div>\n\t\t\t\t\t<\/div>\n\t\t<\/div>\n\t\t\t\t\t<\/div>\n\t\t<\/section>\n\t\t\t\t\t<\/div>\n\t\t<\/div>\n\t\t\t\t<div class=\"elementor-column elementor-col-50 elementor-top-column elementor-element elementor-element-88afdae\" data-id=\"88afdae\" data-element_type=\"column\" data-e-type=\"column\">\n\t\t\t<div class=\"elementor-widget-wrap elementor-element-populated\">\n\t\t\t\t\t\t<div class=\"elementor-element elementor-element-249b8f9 elementor-widget elementor-widget-image\" data-id=\"249b8f9\" data-element_type=\"widget\" data-e-type=\"widget\" data-widget_type=\"image.default\">\n\t\t\t\t<div class=\"elementor-widget-container\">\n\t\t\t\t\t\t\t\t\t\t\t\t\t\t\t<img fetchpriority=\"high\" decoding=\"async\" width=\"713\" height=\"1024\" src=\"https:\/\/wp.ejdern.org\/wp-content\/uploads\/2021\/05\/Riddarholmen-scaled-e1620212679517-713x1024.jpg\" class=\"attachment-large size-large wp-image-1479\" alt=\"\" srcset=\"https:\/\/wp.ejdern.org\/wp-content\/uploads\/2021\/05\/Riddarholmen-scaled-e1620212679517-713x1024.jpg 713w, https:\/\/wp.ejdern.org\/wp-content\/uploads\/2021\/05\/Riddarholmen-scaled-e1620212679517-209x300.jpg 209w, https:\/\/wp.ejdern.org\/wp-content\/uploads\/2021\/05\/Riddarholmen-scaled-e1620212679517-768x1102.jpg 768w, https:\/\/wp.ejdern.org\/wp-content\/uploads\/2021\/05\/Riddarholmen-scaled-e1620212679517-1070x1536.jpg 1070w, https:\/\/wp.ejdern.org\/wp-content\/uploads\/2021\/05\/Riddarholmen-scaled-e1620212679517-1427x2048.jpg 1427w, https:\/\/wp.ejdern.org\/wp-content\/uploads\/2021\/05\/Riddarholmen-scaled-e1620212679517-8x12.jpg 8w, https:\/\/wp.ejdern.org\/wp-content\/uploads\/2021\/05\/Riddarholmen-scaled-e1620212679517.jpg 1440w\" sizes=\"(max-width: 713px) 100vw, 713px\" \/>\t\t\t\t\t\t\t\t\t\t\t\t\t\t\t<\/div>\n\t\t\t\t<\/div>\n\t\t\t\t\t<\/div>\n\t\t<\/div>\n\t\t\t\t\t<\/div>\n\t\t<\/section>\n\t\t\t\t<\/div>","protected":false},"excerpt":{"rendered":"<p>Riddarholmen Riddarholmen \u00e4r en \u00f6 i M\u00e4laren och en stadsdel i centrala Stockholms innerstad.\u00a0Riddarholmen\u00a0tillsammans med Gamla stan \u00e4r Stockholms historiska centrum. P\u00e5 1200-talet byggdes ett kloster och\u00a0klosterkyrkan, den nuvarande Riddarholmskyrkan. Under 1600-talet byggde adeln magnifika palats som senare\u00a0successivt tagits \u00f6ver av de statliga \u00e4mbetsverk och domstolar som fortfarande dominerar holmen.\u00a0 G\u00e5ngavst\u00e5nd till Gamla stans shoppinggator, [&hellip;]<\/p>\n","protected":false},"author":1,"featured_media":0,"parent":0,"menu_order":0,"comment_status":"closed","ping_status":"closed","template":"elementor_header_footer","meta":{"footnotes":""},"class_list":["post-734","page","type-page","status-publish","hentry"],"_links":{"self":[{"href":"https:\/\/wp.ejdern.org\/en\/wp-json\/wp\/v2\/pages\/734","targetHints":{"allow":["GET"]}}],"collection":[{"href":"https:\/\/wp.ejdern.org\/en\/wp-json\/wp\/v2\/pages"}],"about":[{"href":"https:\/\/wp.ejdern.org\/en\/wp-json\/wp\/v2\/types\/page"}],"author":[{"embeddable":true,"href":"https:\/\/wp.ejdern.org\/en\/wp-json\/wp\/v2\/users\/1"}],"replies":[{"embeddable":true,"href":"https:\/\/wp.ejdern.org\/en\/wp-json\/wp\/v2\/comments?post=734"}],"version-history":[{"count":142,"href":"https:\/\/wp.ejdern.org\/en\/wp-json\/wp\/v2\/pages\/734\/revisions"}],"predecessor-version":[{"id":3617,"href":"https:\/\/wp.ejdern.org\/en\/wp-json\/wp\/v2\/pages\/734\/revisions\/3617"}],"wp:attachment":[{"href":"https:\/\/wp.ejdern.org\/en\/wp-json\/wp\/v2\/media?parent=734"}],"curies":[{"name":"wp","href":"https:\/\/api.w.org\/{rel}","templated":true}]}}